{"id":2644,"date":"2016-03-02T18:47:42","date_gmt":"2016-03-02T18:47:42","guid":{"rendered":""},"modified":"2016-08-09T12:56:38","modified_gmt":"2016-08-09T12:56:38","slug":"estacion-de-lavamanos-independiente-copy","status":"publish","type":"product","link":"https:\/\/plutourinal.com\/es\/product\/estacion-de-lavamanos-independiente-copy\/","title":{"rendered":"Estacion de lavamanos  independiente Hera2"},"content":{"rendered":"<p><em><strong>Estaci\u00f3n de lavamanos doble\u00a0compacta<\/strong><\/em><\/p>\n<p>El\u00a0Hera2 es, al igual que su hermana mayor Hera, una estaci\u00f3n de lavamanos\u00a0para 2 personas, ideal para usar en los festivales y eventos.<br \/>\nExiste la posibilidad de montar cualquier jab\u00f3n o papel dispensador.<br \/>\n<a href=\"https:\/\/plutourinal.com\/wp-content\/uploads\/2016\/03\/LOGO-hera2-handwash.jpg\"><img decoding=\"async\" loading=\"lazy\" class=\"alignright size-full wp-image-3408\" src=\"https:\/\/plutourinal.com\/wp-content\/uploads\/2016\/03\/LOGO-hera2-handwash.jpg\" alt=\"logo hera2\" width=\"227\" height=\"100\" srcset=\"https:\/\/plutourinal.com\/wp-content\/uploads\/2016\/03\/LOGO-hera2-handwash.jpg 227w, https:\/\/plutourinal.com\/wp-content\/uploads\/2016\/03\/LOGO-hera2-handwash-150x66.jpg 150w, https:\/\/plutourinal.com\/wp-content\/uploads\/2016\/03\/LOGO-hera2-handwash-200x88.jpg 200w\" sizes=\"(max-width: 227px) 100vw, 227px\" \/><\/a><br \/>\nLa Hera est\u00e1 equipado de forma est\u00e1ndar con:<br \/>\n\u2022 tapa desmontable<br \/>\n\u2022 2 bombas de pie<br \/>\n\u2022 lavabo grande<br \/>\n\u2022 Asas para la implementaci\u00f3n m\u00e1s f\u00e1cil<\/p>\n","protected":false},"excerpt":{"rendered":"<p><em><strong>Estaci\u00f3n de lavamanos doble\u00a0compacta<\/strong><\/em><br \/>\n<a href=\"https:\/\/plutourinal.com\/wp-content\/uploads\/2016\/03\/LOGO-hera2-handwash.jpg\"><img decoding=\"async\" loading=\"lazy\" class=\"alignright size-full wp-image-3408\" src=\"https:\/\/plutourinal.com\/wp-content\/uploads\/2016\/03\/LOGO-hera2-handwash.jpg\" alt=\"logo hera2\" width=\"227\" height=\"100\" srcset=\"https:\/\/plutourinal.com\/wp-content\/uploads\/2016\/03\/LOGO-hera2-handwash.jpg 227w, https:\/\/plutourinal.com\/wp-content\/uploads\/2016\/03\/LOGO-hera2-handwash-150x66.jpg 150w, https:\/\/plutourinal.com\/wp-content\/uploads\/2016\/03\/LOGO-hera2-handwash-200x88.jpg 200w\" sizes=\"(max-width: 227px) 100vw, 227px\" \/><\/a><br \/>\nEl\u00a0Hera2 es, al igual que su hermana mayor Hera, una estaci\u00f3n de lavamanos\u00a0para 2 personas, ideal para usar en los festivales y eventos.<br \/>\nExiste la posibilidad de montar cualquier jab\u00f3n o papel dispensador.<\/p>\n","protected":false},"featured_media":2856,"comment_status":"closed","ping_status":"closed","template":"","meta":{"_monsterinsights_skip_tracking":false,"_monsterinsights_sitenote_active":false,"_monsterinsights_sitenote_note":"","_monsterinsights_sitenote_category":0},"product_cat":[1607,285],"product_tag":[1125,1377,1382,807],"yoast_head":"<!-- This site is optimized with the Yoast SEO plugin v20.8 - https:\/\/yoast.com\/wordpress\/plugins\/seo\/ -->\n<title>Estaci\u00f3n de lavamanos doble compacta<\/title>\n<meta name=\"description\" content=\"Estaci\u00f3n de lavamanos doble compacta Hera2\" \/>\n<meta name=\"robots\" content=\"index, follow, max-snippet:-1, max-image-preview:large, max-video-preview:-1\" \/>\n<link rel=\"canonical\" href=\"https:\/\/plutourinal.com\/es\/product\/estacion-de-lavamanos-independiente-copy\/\" \/>\n<meta property=\"og:locale\" content=\"es_ES\" \/>\n<meta property=\"og:type\" content=\"article\" \/>\n<meta property=\"og:title\" content=\"Estaci\u00f3n de lavamanos doble compacta\" \/>\n<meta property=\"og:description\" content=\"Estaci\u00f3n de lavamanos doble compacta Hera2\" \/>\n<meta property=\"og:url\" content=\"https:\/\/plutourinal.com\/es\/product\/estacion-de-lavamanos-independiente-copy\/\" \/>\n<meta property=\"og:site_name\" content=\"Pluto Urinal\" \/>\n<meta property=\"article:modified_time\" content=\"2016-08-09T12:56:38+00:00\" \/>\n<meta property=\"og:image\" content=\"https:\/\/plutourinal.com\/wp-content\/uploads\/2016\/03\/handwash-hera2.jpg\" \/>\n\t<meta property=\"og:image:width\" content=\"1000\" \/>\n\t<meta property=\"og:image:height\" content=\"1000\" \/>\n\t<meta property=\"og:image:type\" content=\"image\/jpeg\" \/>\n<meta name=\"twitter:card\" content=\"summary_large_image\" \/>\n<script type=\"application\/ld+json\" class=\"yoast-schema-graph\">{\"@context\":\"https:\/\/schema.org\",\"@graph\":[{\"@type\":\"WebPage\",\"@id\":\"https:\/\/plutourinal.com\/es\/product\/estacion-de-lavamanos-independiente-copy\/\",\"url\":\"https:\/\/plutourinal.com\/es\/product\/estacion-de-lavamanos-independiente-copy\/\",\"name\":\"Estaci\u00f3n de lavamanos doble compacta\",\"isPartOf\":{\"@id\":\"https:\/\/plutourinal.com\/es\/#website\"},\"datePublished\":\"2016-03-02T18:47:42+00:00\",\"dateModified\":\"2016-08-09T12:56:38+00:00\",\"description\":\"Estaci\u00f3n de lavamanos doble compacta Hera2\",\"breadcrumb\":{\"@id\":\"https:\/\/plutourinal.com\/es\/product\/estacion-de-lavamanos-independiente-copy\/#breadcrumb\"},\"inLanguage\":\"es\",\"potentialAction\":[{\"@type\":\"ReadAction\",\"target\":[\"https:\/\/plutourinal.com\/es\/product\/estacion-de-lavamanos-independiente-copy\/\"]}]},{\"@type\":\"BreadcrumbList\",\"@id\":\"https:\/\/plutourinal.com\/es\/product\/estacion-de-lavamanos-independiente-copy\/#breadcrumb\",\"itemListElement\":[{\"@type\":\"ListItem\",\"position\":1,\"name\":\"Home\",\"item\":\"https:\/\/plutourinal.com\/es\/\"},{\"@type\":\"ListItem\",\"position\":2,\"name\":\"Tienda\",\"item\":\"https:\/\/plutourinal.com\/es\/tienda\/\"},{\"@type\":\"ListItem\",\"position\":3,\"name\":\"Estacion de lavamanos independiente Hera2\"}]},{\"@type\":\"WebSite\",\"@id\":\"https:\/\/plutourinal.com\/es\/#website\",\"url\":\"https:\/\/plutourinal.com\/es\/\",\"name\":\"Pluto Urinal\",\"description\":\"Add Capacity and Reduce Lines\",\"potentialAction\":[{\"@type\":\"SearchAction\",\"target\":{\"@type\":\"EntryPoint\",\"urlTemplate\":\"https:\/\/plutourinal.com\/es\/?s={search_term_string}\"},\"query-input\":\"required name=search_term_string\"}],\"inLanguage\":\"es\"}]}<\/script>\n<!-- \/ Yoast SEO plugin. -->","yoast_head_json":{"title":"Estaci\u00f3n de lavamanos doble compacta","description":"Estaci\u00f3n de lavamanos doble compacta Hera2","robots":{"index":"index","follow":"follow","max-snippet":"max-snippet:-1","max-image-preview":"max-image-preview:large","max-video-preview":"max-video-preview:-1"},"canonical":"https:\/\/plutourinal.com\/es\/product\/estacion-de-lavamanos-independiente-copy\/","og_locale":"es_ES","og_type":"article","og_title":"Estaci\u00f3n de lavamanos doble compacta","og_description":"Estaci\u00f3n de lavamanos doble compacta Hera2","og_url":"https:\/\/plutourinal.com\/es\/product\/estacion-de-lavamanos-independiente-copy\/","og_site_name":"Pluto Urinal","article_modified_time":"2016-08-09T12:56:38+00:00","og_image":[{"width":1000,"height":1000,"url":"https:\/\/plutourinal.com\/wp-content\/uploads\/2016\/03\/handwash-hera2.jpg","type":"image\/jpeg"}],"twitter_card":"summary_large_image","schema":{"@context":"https:\/\/schema.org","@graph":[{"@type":"WebPage","@id":"https:\/\/plutourinal.com\/es\/product\/estacion-de-lavamanos-independiente-copy\/","url":"https:\/\/plutourinal.com\/es\/product\/estacion-de-lavamanos-independiente-copy\/","name":"Estaci\u00f3n de lavamanos doble compacta","isPartOf":{"@id":"https:\/\/plutourinal.com\/es\/#website"},"datePublished":"2016-03-02T18:47:42+00:00","dateModified":"2016-08-09T12:56:38+00:00","description":"Estaci\u00f3n de lavamanos doble compacta Hera2","breadcrumb":{"@id":"https:\/\/plutourinal.com\/es\/product\/estacion-de-lavamanos-independiente-copy\/#breadcrumb"},"inLanguage":"es","potentialAction":[{"@type":"ReadAction","target":["https:\/\/plutourinal.com\/es\/product\/estacion-de-lavamanos-independiente-copy\/"]}]},{"@type":"BreadcrumbList","@id":"https:\/\/plutourinal.com\/es\/product\/estacion-de-lavamanos-independiente-copy\/#breadcrumb","itemListElement":[{"@type":"ListItem","position":1,"name":"Home","item":"https:\/\/plutourinal.com\/es\/"},{"@type":"ListItem","position":2,"name":"Tienda","item":"https:\/\/plutourinal.com\/es\/tienda\/"},{"@type":"ListItem","position":3,"name":"Estacion de lavamanos independiente Hera2"}]},{"@type":"WebSite","@id":"https:\/\/plutourinal.com\/es\/#website","url":"https:\/\/plutourinal.com\/es\/","name":"Pluto Urinal","description":"Add Capacity and Reduce Lines","potentialAction":[{"@type":"SearchAction","target":{"@type":"EntryPoint","urlTemplate":"https:\/\/plutourinal.com\/es\/?s={search_term_string}"},"query-input":"required name=search_term_string"}],"inLanguage":"es"}]}},"_links":{"self":[{"href":"https:\/\/plutourinal.com\/es\/wp-json\/wp\/v2\/product\/2644"}],"collection":[{"href":"https:\/\/plutourinal.com\/es\/wp-json\/wp\/v2\/product"}],"about":[{"href":"https:\/\/plutourinal.com\/es\/wp-json\/wp\/v2\/types\/product"}],"replies":[{"embeddable":true,"href":"https:\/\/plutourinal.com\/es\/wp-json\/wp\/v2\/comments?post=2644"}],"wp:featuredmedia":[{"embeddable":true,"href":"https:\/\/plutourinal.com\/es\/wp-json\/wp\/v2\/media\/2856"}],"wp:attachment":[{"href":"https:\/\/plutourinal.com\/es\/wp-json\/wp\/v2\/media?parent=2644"}],"wp:term":[{"taxonomy":"product_cat","embeddable":true,"href":"https:\/\/plutourinal.com\/es\/wp-json\/wp\/v2\/product_cat?post=2644"},{"taxonomy":"product_tag","embeddable":true,"href":"https:\/\/plutourinal.com\/es\/wp-json\/wp\/v2\/product_tag?post=2644"}],"curies":[{"name":"wp","href":"https:\/\/api.w.org\/{rel}","templated":true}]}}