{"id":2615,"date":"2016-01-06T12:17:28","date_gmt":"2016-01-06T12:17:28","guid":{"rendered":"https:\/\/plutourinal.com\/es\/shop\/repuestos\/piezas-de-repuesto-para-banos-portatiles\/piezas-de-repuesto-para-los-banos-de-atlas\/corner-urinal\/"},"modified":"2016-01-06T12:42:43","modified_gmt":"2016-01-06T12:42:43","slug":"corner-urinal","status":"publish","type":"product","link":"https:\/\/plutourinal.com\/es\/product\/corner-urinal\/","title":{"rendered":"Urinario esquinero"},"content":{"rendered":"<p>Urinario para el montaje en una esquina de ba&ntilde;os port&aacute;tiles. Adecuado para varias marcas y modelos de tocador.<\/p>\n","protected":false},"excerpt":{"rendered":"<p>Urinario para el montaje en una esquina de ba&ntilde;os port&aacute;tiles. Adecuado para varias marcas y modelos de tocador.<\/p>\n","protected":false},"featured_media":2622,"comment_status":"closed","ping_status":"closed","template":"","meta":{"_monsterinsights_skip_tracking":false,"_monsterinsights_sitenote_active":false,"_monsterinsights_sitenote_note":"","_monsterinsights_sitenote_category":0},"product_cat":[1611],"product_tag":[1295,936,1199,974],"yoast_head":"<!-- This site is optimized with the Yoast SEO plugin v20.8 - https:\/\/yoast.com\/wordpress\/plugins\/seo\/ -->\n<title>Urinario esquinero para ba\u00f1os port\u00e1tiles<\/title>\n<meta name=\"description\" content=\"Urinario para el montaje en una esquina de ba\u00f1os port\u00e1tiles. Adecuado para varias marcas y modelos de tocador.\" \/>\n<meta name=\"robots\" content=\"index, follow, max-snippet:-1, max-image-preview:large, max-video-preview:-1\" \/>\n<link rel=\"canonical\" href=\"https:\/\/plutourinal.com\/es\/product\/corner-urinal\/\" \/>\n<meta property=\"og:locale\" content=\"es_ES\" \/>\n<meta property=\"og:type\" content=\"article\" \/>\n<meta property=\"og:title\" content=\"Urinario esquinero para ba\u00f1os port\u00e1tiles\" \/>\n<meta property=\"og:description\" content=\"Urinario para el montaje en una esquina de ba\u00f1os port\u00e1tiles. Adecuado para varias marcas y modelos de tocador.\" \/>\n<meta property=\"og:url\" content=\"https:\/\/plutourinal.com\/es\/product\/corner-urinal\/\" \/>\n<meta property=\"og:site_name\" content=\"Pluto Urinal\" \/>\n<meta property=\"article:modified_time\" content=\"2016-01-06T12:42:43+00:00\" \/>\n<meta property=\"og:image\" content=\"https:\/\/plutourinal.com\/wp-content\/uploads\/2016\/01\/Corner-urinal.jpg\" \/>\n\t<meta property=\"og:image:width\" content=\"1000\" \/>\n\t<meta property=\"og:image:height\" content=\"1000\" \/>\n\t<meta property=\"og:image:type\" content=\"image\/jpeg\" \/>\n<meta name=\"twitter:card\" content=\"summary_large_image\" \/>\n<script type=\"application\/ld+json\" class=\"yoast-schema-graph\">{\"@context\":\"https:\/\/schema.org\",\"@graph\":[{\"@type\":\"WebPage\",\"@id\":\"https:\/\/plutourinal.com\/es\/product\/corner-urinal\/\",\"url\":\"https:\/\/plutourinal.com\/es\/product\/corner-urinal\/\",\"name\":\"Urinario esquinero para ba\u00f1os port\u00e1tiles\",\"isPartOf\":{\"@id\":\"https:\/\/plutourinal.com\/es\/#website\"},\"datePublished\":\"2016-01-06T12:17:28+00:00\",\"dateModified\":\"2016-01-06T12:42:43+00:00\",\"description\":\"Urinario para el montaje en una esquina de ba\u00f1os port\u00e1tiles. Adecuado para varias marcas y modelos de tocador.\",\"breadcrumb\":{\"@id\":\"https:\/\/plutourinal.com\/es\/product\/corner-urinal\/#breadcrumb\"},\"inLanguage\":\"es\",\"potentialAction\":[{\"@type\":\"ReadAction\",\"target\":[\"https:\/\/plutourinal.com\/es\/product\/corner-urinal\/\"]}]},{\"@type\":\"BreadcrumbList\",\"@id\":\"https:\/\/plutourinal.com\/es\/product\/corner-urinal\/#breadcrumb\",\"itemListElement\":[{\"@type\":\"ListItem\",\"position\":1,\"name\":\"Home\",\"item\":\"https:\/\/plutourinal.com\/es\/\"},{\"@type\":\"ListItem\",\"position\":2,\"name\":\"Tienda\",\"item\":\"https:\/\/plutourinal.com\/es\/tienda\/\"},{\"@type\":\"ListItem\",\"position\":3,\"name\":\"Urinario esquinero\"}]},{\"@type\":\"WebSite\",\"@id\":\"https:\/\/plutourinal.com\/es\/#website\",\"url\":\"https:\/\/plutourinal.com\/es\/\",\"name\":\"Pluto Urinal\",\"description\":\"Add Capacity and Reduce Lines\",\"potentialAction\":[{\"@type\":\"SearchAction\",\"target\":{\"@type\":\"EntryPoint\",\"urlTemplate\":\"https:\/\/plutourinal.com\/es\/?s={search_term_string}\"},\"query-input\":\"required name=search_term_string\"}],\"inLanguage\":\"es\"}]}<\/script>\n<!-- \/ Yoast SEO plugin. -->","yoast_head_json":{"title":"Urinario esquinero para ba\u00f1os port\u00e1tiles","description":"Urinario para el montaje en una esquina de ba\u00f1os port\u00e1tiles. Adecuado para varias marcas y modelos de tocador.","robots":{"index":"index","follow":"follow","max-snippet":"max-snippet:-1","max-image-preview":"max-image-preview:large","max-video-preview":"max-video-preview:-1"},"canonical":"https:\/\/plutourinal.com\/es\/product\/corner-urinal\/","og_locale":"es_ES","og_type":"article","og_title":"Urinario esquinero para ba\u00f1os port\u00e1tiles","og_description":"Urinario para el montaje en una esquina de ba\u00f1os port\u00e1tiles. Adecuado para varias marcas y modelos de tocador.","og_url":"https:\/\/plutourinal.com\/es\/product\/corner-urinal\/","og_site_name":"Pluto Urinal","article_modified_time":"2016-01-06T12:42:43+00:00","og_image":[{"width":1000,"height":1000,"url":"https:\/\/plutourinal.com\/wp-content\/uploads\/2016\/01\/Corner-urinal.jpg","type":"image\/jpeg"}],"twitter_card":"summary_large_image","schema":{"@context":"https:\/\/schema.org","@graph":[{"@type":"WebPage","@id":"https:\/\/plutourinal.com\/es\/product\/corner-urinal\/","url":"https:\/\/plutourinal.com\/es\/product\/corner-urinal\/","name":"Urinario esquinero para ba\u00f1os port\u00e1tiles","isPartOf":{"@id":"https:\/\/plutourinal.com\/es\/#website"},"datePublished":"2016-01-06T12:17:28+00:00","dateModified":"2016-01-06T12:42:43+00:00","description":"Urinario para el montaje en una esquina de ba\u00f1os port\u00e1tiles. Adecuado para varias marcas y modelos de tocador.","breadcrumb":{"@id":"https:\/\/plutourinal.com\/es\/product\/corner-urinal\/#breadcrumb"},"inLanguage":"es","potentialAction":[{"@type":"ReadAction","target":["https:\/\/plutourinal.com\/es\/product\/corner-urinal\/"]}]},{"@type":"BreadcrumbList","@id":"https:\/\/plutourinal.com\/es\/product\/corner-urinal\/#breadcrumb","itemListElement":[{"@type":"ListItem","position":1,"name":"Home","item":"https:\/\/plutourinal.com\/es\/"},{"@type":"ListItem","position":2,"name":"Tienda","item":"https:\/\/plutourinal.com\/es\/tienda\/"},{"@type":"ListItem","position":3,"name":"Urinario esquinero"}]},{"@type":"WebSite","@id":"https:\/\/plutourinal.com\/es\/#website","url":"https:\/\/plutourinal.com\/es\/","name":"Pluto Urinal","description":"Add Capacity and Reduce Lines","potentialAction":[{"@type":"SearchAction","target":{"@type":"EntryPoint","urlTemplate":"https:\/\/plutourinal.com\/es\/?s={search_term_string}"},"query-input":"required name=search_term_string"}],"inLanguage":"es"}]}},"_links":{"self":[{"href":"https:\/\/plutourinal.com\/es\/wp-json\/wp\/v2\/product\/2615"}],"collection":[{"href":"https:\/\/plutourinal.com\/es\/wp-json\/wp\/v2\/product"}],"about":[{"href":"https:\/\/plutourinal.com\/es\/wp-json\/wp\/v2\/types\/product"}],"replies":[{"embeddable":true,"href":"https:\/\/plutourinal.com\/es\/wp-json\/wp\/v2\/comments?post=2615"}],"wp:featuredmedia":[{"embeddable":true,"href":"https:\/\/plutourinal.com\/es\/wp-json\/wp\/v2\/media\/2622"}],"wp:attachment":[{"href":"https:\/\/plutourinal.com\/es\/wp-json\/wp\/v2\/media?parent=2615"}],"wp:term":[{"taxonomy":"product_cat","embeddable":true,"href":"https:\/\/plutourinal.com\/es\/wp-json\/wp\/v2\/product_cat?post=2615"},{"taxonomy":"product_tag","embeddable":true,"href":"https:\/\/plutourinal.com\/es\/wp-json\/wp\/v2\/product_tag?post=2615"}],"curies":[{"name":"wp","href":"https:\/\/api.w.org\/{rel}","templated":true}]}}