{"id":2108,"date":"2015-09-15T15:01:29","date_gmt":"2015-09-15T15:01:29","guid":{"rendered":"https:\/\/plutourinal.com\/product\/estacion-de-lavamanos-independiente\/"},"modified":"2024-03-23T18:06:39","modified_gmt":"2024-03-23T18:06:39","slug":"estacion-de-lavamanos-independiente","status":"publish","type":"product","link":"https:\/\/plutourinal.com\/es\/product\/estacion-de-lavamanos-independiente\/","title":{"rendered":"Estacion de lavamanos  independiente"},"content":{"rendered":"<p><em><strong>Estaci\u00f3n de lavamanos doble con un mont\u00f3n de capacidad de agua<\/strong><\/em><\/p>\n<p>El\u00a0Hera es una estaci\u00f3n de lavamanos\u00a0para 2 personas, ideal para usar en los festivales y eventos.<br \/>\nLa Hera ofrece al usuario una gran cantidad de espacio y consiguen con ello una mejor impresi\u00f3n de la higiene.<br \/>\nMediante el uso de estaci\u00f3nes de lavamanos, se acortan las colas de los ba\u00f1os port\u00e1tilescon claridad.<br \/>\nExiste la posibilidad de montar cualquier jab\u00f3n o papel dispensador.<br \/>\n<a href=\"https:\/\/plutourinal.com\/wp-content\/uploads\/2015\/09\/LOGO-hera-handwash.jpg\"><img decoding=\"async\" loading=\"lazy\" class=\"alignright size-full wp-image-3403\" src=\"https:\/\/plutourinal.com\/wp-content\/uploads\/2015\/09\/LOGO-hera-handwash.jpg\" alt=\"hera handwash\" width=\"227\" height=\"100\" srcset=\"https:\/\/plutourinal.com\/wp-content\/uploads\/2015\/09\/LOGO-hera-handwash.jpg 227w, https:\/\/plutourinal.com\/wp-content\/uploads\/2015\/09\/LOGO-hera-handwash-150x66.jpg 150w, https:\/\/plutourinal.com\/wp-content\/uploads\/2015\/09\/LOGO-hera-handwash-200x88.jpg 200w\" sizes=\"(max-width: 227px) 100vw, 227px\" \/><\/a><br \/>\nEspecificaciones:<br \/>\n\u2022 Altura: 1.370 mm<br \/>\n\u2022 Anchura: 1.250 mm<br \/>\n\u2022 Longitud: 600 mm<br \/>\n\u2022 Peso: 40 kg<br \/>\n\u2022 Capacidad de agua dulce: 162 litros<br \/>\n\u2022 Capacidad de aguas residuales: 178 litros<br \/>\n\u2022 Disponible en: Granito<\/p>\n<p>La Hera est\u00e1 equipado de forma est\u00e1ndar con:<br \/>\n\u2022 tapa desmontable<br \/>\n\u2022 2 bombas de pie<br \/>\n\u2022 lavabo grande<br \/>\n\u2022 Asas para la implementaci\u00f3n m\u00e1s f\u00e1cil<br \/>\n\u2022 Espacio para Sombrilla Isla en L\u00ednea<\/p>\n","protected":false},"excerpt":{"rendered":"<p><em><strong>Estaci\u00f3n de lavamanos doble con un mont\u00f3n de capacidad de agua<\/strong><\/em><br \/>\n<a href=\"https:\/\/plutourinal.com\/wp-content\/uploads\/2015\/09\/LOGO-hera-handwash.jpg\"><img decoding=\"async\" loading=\"lazy\" class=\"alignright size-full wp-image-3403\" src=\"https:\/\/plutourinal.com\/wp-content\/uploads\/2015\/09\/LOGO-hera-handwash.jpg\" alt=\"hera handwash\" width=\"227\" height=\"100\" srcset=\"https:\/\/plutourinal.com\/wp-content\/uploads\/2015\/09\/LOGO-hera-handwash.jpg 227w, https:\/\/plutourinal.com\/wp-content\/uploads\/2015\/09\/LOGO-hera-handwash-150x66.jpg 150w, https:\/\/plutourinal.com\/wp-content\/uploads\/2015\/09\/LOGO-hera-handwash-200x88.jpg 200w\" sizes=\"(max-width: 227px) 100vw, 227px\" \/><\/a><br \/>\nEl\u00a0Hera es una estaci\u00f3n de lavamanos\u00a0para 2 personas, ideal para su usar en los festivales y eventos.<br \/>\nLa Hera ofrece al usuario una gran cantidad de espacio y consiguen con ello una mejor impresi\u00f3n de la higiene.<br \/>\nMediante el uso de estaci\u00f3nes de lavamanos, se acortan las colas de los ba\u00f1os port\u00e1tilescon claridad.<br \/>\nExiste la posibilidad de montar cualquier jab\u00f3n o papel dispensador.<\/p>\n","protected":false},"featured_media":679,"comment_status":"open","ping_status":"closed","template":"","meta":{"_monsterinsights_skip_tracking":false,"_monsterinsights_sitenote_active":false,"_monsterinsights_sitenote_note":"","_monsterinsights_sitenote_category":0},"product_cat":[1607,285],"product_tag":[],"yoast_head":"<!-- This site is optimized with the Yoast SEO plugin v20.8 - https:\/\/yoast.com\/wordpress\/plugins\/seo\/ -->\n<title>Estacion de lavamanos independiente<\/title>\n<meta name=\"description\" content=\"Estacion de lavamanos independiente para usar en los festivales y eventos.\" \/>\n<meta name=\"robots\" content=\"index, follow, max-snippet:-1, max-image-preview:large, max-video-preview:-1\" \/>\n<link rel=\"canonical\" href=\"https:\/\/plutourinal.com\/es\/product\/estacion-de-lavamanos-independiente\/\" \/>\n<meta property=\"og:locale\" content=\"es_ES\" \/>\n<meta property=\"og:type\" content=\"article\" \/>\n<meta property=\"og:title\" content=\"Estacion de lavamanos independiente\" \/>\n<meta property=\"og:description\" content=\"Estacion de lavamanos independiente para usar en los festivales y eventos.\" \/>\n<meta property=\"og:url\" content=\"https:\/\/plutourinal.com\/es\/product\/estacion-de-lavamanos-independiente\/\" \/>\n<meta property=\"og:site_name\" content=\"Pluto Urinal\" \/>\n<meta property=\"article:modified_time\" content=\"2024-03-23T18:06:39+00:00\" \/>\n<meta property=\"og:image\" content=\"https:\/\/plutourinal.com\/wp-content\/uploads\/2015\/09\/Hera-hand-wash-station.jpg\" \/>\n\t<meta property=\"og:image:width\" content=\"1000\" \/>\n\t<meta property=\"og:image:height\" content=\"1000\" \/>\n\t<meta property=\"og:image:type\" content=\"image\/jpeg\" \/>\n<meta name=\"twitter:card\" content=\"summary_large_image\" \/>\n<meta name=\"twitter:label1\" content=\"Tiempo de lectura\" \/>\n\t<meta name=\"twitter:data1\" content=\"1 minuto\" \/>\n<script type=\"application\/ld+json\" class=\"yoast-schema-graph\">{\"@context\":\"https:\/\/schema.org\",\"@graph\":[{\"@type\":\"WebPage\",\"@id\":\"https:\/\/plutourinal.com\/es\/product\/estacion-de-lavamanos-independiente\/\",\"url\":\"https:\/\/plutourinal.com\/es\/product\/estacion-de-lavamanos-independiente\/\",\"name\":\"Estacion de lavamanos independiente\",\"isPartOf\":{\"@id\":\"https:\/\/plutourinal.com\/es\/#website\"},\"datePublished\":\"2015-09-15T15:01:29+00:00\",\"dateModified\":\"2024-03-23T18:06:39+00:00\",\"description\":\"Estacion de lavamanos independiente para usar en los festivales y eventos.\",\"breadcrumb\":{\"@id\":\"https:\/\/plutourinal.com\/es\/product\/estacion-de-lavamanos-independiente\/#breadcrumb\"},\"inLanguage\":\"es\",\"potentialAction\":[{\"@type\":\"ReadAction\",\"target\":[\"https:\/\/plutourinal.com\/es\/product\/estacion-de-lavamanos-independiente\/\"]}]},{\"@type\":\"BreadcrumbList\",\"@id\":\"https:\/\/plutourinal.com\/es\/product\/estacion-de-lavamanos-independiente\/#breadcrumb\",\"itemListElement\":[{\"@type\":\"ListItem\",\"position\":1,\"name\":\"Home\",\"item\":\"https:\/\/plutourinal.com\/es\/\"},{\"@type\":\"ListItem\",\"position\":2,\"name\":\"Tienda\",\"item\":\"https:\/\/plutourinal.com\/es\/tienda\/\"},{\"@type\":\"ListItem\",\"position\":3,\"name\":\"Estacion de lavamanos independiente\"}]},{\"@type\":\"WebSite\",\"@id\":\"https:\/\/plutourinal.com\/es\/#website\",\"url\":\"https:\/\/plutourinal.com\/es\/\",\"name\":\"Pluto Urinal\",\"description\":\"Add Capacity and Reduce Lines\",\"potentialAction\":[{\"@type\":\"SearchAction\",\"target\":{\"@type\":\"EntryPoint\",\"urlTemplate\":\"https:\/\/plutourinal.com\/es\/?s={search_term_string}\"},\"query-input\":\"required name=search_term_string\"}],\"inLanguage\":\"es\"}]}<\/script>\n<!-- \/ Yoast SEO plugin. -->","yoast_head_json":{"title":"Estacion de lavamanos independiente","description":"Estacion de lavamanos independiente para usar en los festivales y eventos.","robots":{"index":"index","follow":"follow","max-snippet":"max-snippet:-1","max-image-preview":"max-image-preview:large","max-video-preview":"max-video-preview:-1"},"canonical":"https:\/\/plutourinal.com\/es\/product\/estacion-de-lavamanos-independiente\/","og_locale":"es_ES","og_type":"article","og_title":"Estacion de lavamanos independiente","og_description":"Estacion de lavamanos independiente para usar en los festivales y eventos.","og_url":"https:\/\/plutourinal.com\/es\/product\/estacion-de-lavamanos-independiente\/","og_site_name":"Pluto Urinal","article_modified_time":"2024-03-23T18:06:39+00:00","og_image":[{"width":1000,"height":1000,"url":"https:\/\/plutourinal.com\/wp-content\/uploads\/2015\/09\/Hera-hand-wash-station.jpg","type":"image\/jpeg"}],"twitter_card":"summary_large_image","twitter_misc":{"Tiempo de lectura":"1 minuto"},"schema":{"@context":"https:\/\/schema.org","@graph":[{"@type":"WebPage","@id":"https:\/\/plutourinal.com\/es\/product\/estacion-de-lavamanos-independiente\/","url":"https:\/\/plutourinal.com\/es\/product\/estacion-de-lavamanos-independiente\/","name":"Estacion de lavamanos independiente","isPartOf":{"@id":"https:\/\/plutourinal.com\/es\/#website"},"datePublished":"2015-09-15T15:01:29+00:00","dateModified":"2024-03-23T18:06:39+00:00","description":"Estacion de lavamanos independiente para usar en los festivales y eventos.","breadcrumb":{"@id":"https:\/\/plutourinal.com\/es\/product\/estacion-de-lavamanos-independiente\/#breadcrumb"},"inLanguage":"es","potentialAction":[{"@type":"ReadAction","target":["https:\/\/plutourinal.com\/es\/product\/estacion-de-lavamanos-independiente\/"]}]},{"@type":"BreadcrumbList","@id":"https:\/\/plutourinal.com\/es\/product\/estacion-de-lavamanos-independiente\/#breadcrumb","itemListElement":[{"@type":"ListItem","position":1,"name":"Home","item":"https:\/\/plutourinal.com\/es\/"},{"@type":"ListItem","position":2,"name":"Tienda","item":"https:\/\/plutourinal.com\/es\/tienda\/"},{"@type":"ListItem","position":3,"name":"Estacion de lavamanos independiente"}]},{"@type":"WebSite","@id":"https:\/\/plutourinal.com\/es\/#website","url":"https:\/\/plutourinal.com\/es\/","name":"Pluto Urinal","description":"Add Capacity and Reduce Lines","potentialAction":[{"@type":"SearchAction","target":{"@type":"EntryPoint","urlTemplate":"https:\/\/plutourinal.com\/es\/?s={search_term_string}"},"query-input":"required name=search_term_string"}],"inLanguage":"es"}]}},"_links":{"self":[{"href":"https:\/\/plutourinal.com\/es\/wp-json\/wp\/v2\/product\/2108"}],"collection":[{"href":"https:\/\/plutourinal.com\/es\/wp-json\/wp\/v2\/product"}],"about":[{"href":"https:\/\/plutourinal.com\/es\/wp-json\/wp\/v2\/types\/product"}],"replies":[{"embeddable":true,"href":"https:\/\/plutourinal.com\/es\/wp-json\/wp\/v2\/comments?post=2108"}],"wp:featuredmedia":[{"embeddable":true,"href":"https:\/\/plutourinal.com\/es\/wp-json\/wp\/v2\/media\/679"}],"wp:attachment":[{"href":"https:\/\/plutourinal.com\/es\/wp-json\/wp\/v2\/media?parent=2108"}],"wp:term":[{"taxonomy":"product_cat","embeddable":true,"href":"https:\/\/plutourinal.com\/es\/wp-json\/wp\/v2\/product_cat?post=2108"},{"taxonomy":"product_tag","embeddable":true,"href":"https:\/\/plutourinal.com\/es\/wp-json\/wp\/v2\/product_tag?post=2108"}],"curies":[{"name":"wp","href":"https:\/\/api.w.org\/{rel}","templated":true}]}}