{"id":2104,"date":"2015-09-15T12:54:28","date_gmt":"2015-09-15T12:54:28","guid":{"rendered":"https:\/\/plutourinal.com\/product\/estacion-de-lavamanos-interior-obbe\/"},"modified":"2022-01-19T23:42:50","modified_gmt":"2022-01-19T23:42:50","slug":"estacion-de-lavamanos-interior-obbe","status":"publish","type":"product","link":"https:\/\/plutourinal.com\/es\/product\/estacion-de-lavamanos-interior-obbe\/","title":{"rendered":"Estaci\u00f3n de lavamanos interior Obbe"},"content":{"rendered":"<p><em><strong><img decoding=\"async\" loading=\"lazy\" class=\"alignright size-full wp-image-3177\" src=\"https:\/\/plutourinal.com\/wp-content\/uploads\/2015\/09\/LOGO-obbe-hand-wash.jpg\" alt=\"obbe hand wash\" width=\"200\" height=\"106\" srcset=\"https:\/\/plutourinal.com\/wp-content\/uploads\/2015\/09\/LOGO-obbe-hand-wash.jpg 200w, https:\/\/plutourinal.com\/wp-content\/uploads\/2015\/09\/LOGO-obbe-hand-wash-150x80.jpg 150w\" sizes=\"(max-width: 200px) 100vw, 200px\" \/>Estaci&oacute;n de lavado de mano universales apto para todos los ba&ntilde;os port&aacute;tiles<\/strong><\/em><\/p>\n<p> El lavado de manos Obbe es una estaci&oacute;n&nbsp;que cabe en todas las marcas y modelos de ba&ntilde;os port&aacute;tiles. &nbsp;<br \/>El Obbe se puede situar en la izquierda o el derecho de la taza del ba&ntilde;o. <br \/>Los residuos pueden es drenado a el&nbsp;dep&oacute;sito de desechos&nbsp;&nbsp;o en cualquier otra forma posible.<\/p>\n<p>Presupuesto: <br \/>&bull;&nbsp;Altura: 1.100 mm <br \/>&bull;&nbsp;Ancho: 380 mm <br \/>&bull;&nbsp;Profundidad: 205 mm <br \/>&bull;&nbsp;Capacidad de agua dulce: 34 litros <br \/>&bull;&nbsp;Disponible en: gris y granito <\/p>\n<p>El Orion viene con: <br \/>&bull;&nbsp;Bomba de pie<br \/>&bull;&nbsp;Mangueras para la fijaci&oacute;n a el&nbsp;dep&oacute;sito de desechos&nbsp;<\/p>\n","protected":false},"excerpt":{"rendered":"<p><em><strong>Estaci&oacute;n de lavado de mano universales apto para todos los ba&ntilde;os port&aacute;tiles<\/strong><\/em><br \/><img decoding=\"async\" loading=\"lazy\" class=\"alignright size-full wp-image-3177\" src=\"https:\/\/plutourinal.com\/wp-content\/uploads\/2015\/09\/LOGO-obbe-hand-wash.jpg\" alt=\"obbe hand wash\" width=\"200\" height=\"106\" srcset=\"https:\/\/plutourinal.com\/wp-content\/uploads\/2015\/09\/LOGO-obbe-hand-wash.jpg 200w, https:\/\/plutourinal.com\/wp-content\/uploads\/2015\/09\/LOGO-obbe-hand-wash-150x80.jpg 150w\" sizes=\"(max-width: 200px) 100vw, 200px\" \/><br \/>El lavado de manos Obbe es una estaci&oacute;n&nbsp;que cabe en todas las marcas y modelos de ba&ntilde;os port&aacute;tiles. &nbsp;<br \/>El Obbe se puede situar en la izquierda o el derecho de la taza del ba&ntilde;o. <br \/>Los residuos pueden es drenado a el&nbsp;dep&oacute;sito de desechos&nbsp;&nbsp;o en cualquier otra forma posible.<\/p>\n","protected":false},"featured_media":663,"comment_status":"open","ping_status":"closed","template":"","meta":{"_monsterinsights_skip_tracking":false,"_monsterinsights_sitenote_active":false,"_monsterinsights_sitenote_note":"","_monsterinsights_sitenote_category":0},"product_cat":[1607,284],"product_tag":[843,807,908,1198,974],"yoast_head":"<!-- This site is optimized with the Yoast SEO plugin v20.8 - https:\/\/yoast.com\/wordpress\/plugins\/seo\/ -->\n<title>Estaci\u00f3n de lavamanos universales Obbe<\/title>\n<meta name=\"description\" content=\"Estaci\u00f3n de lavamanos universal Obbe apto para todos los ba\u00f1os port\u00e1tiles\" \/>\n<meta name=\"robots\" content=\"index, follow, max-snippet:-1, max-image-preview:large, max-video-preview:-1\" \/>\n<link rel=\"canonical\" href=\"https:\/\/plutourinal.com\/es\/product\/estacion-de-lavamanos-interior-obbe\/\" \/>\n<meta property=\"og:locale\" content=\"es_ES\" \/>\n<meta property=\"og:type\" content=\"article\" \/>\n<meta property=\"og:title\" content=\"Estaci\u00f3n de lavamanos universales Obbe\" \/>\n<meta property=\"og:description\" content=\"Estaci\u00f3n de lavamanos universal Obbe apto para todos los ba\u00f1os port\u00e1tiles\" \/>\n<meta property=\"og:url\" content=\"https:\/\/plutourinal.com\/es\/product\/estacion-de-lavamanos-interior-obbe\/\" \/>\n<meta property=\"og:site_name\" content=\"Pluto Urinal\" \/>\n<meta property=\"article:modified_time\" content=\"2022-01-19T23:42:50+00:00\" \/>\n<meta property=\"og:image\" content=\"https:\/\/plutourinal.com\/wp-content\/uploads\/2015\/09\/hand-wash-unit-obbe.jpg\" \/>\n\t<meta property=\"og:image:width\" content=\"1000\" \/>\n\t<meta property=\"og:image:height\" content=\"1000\" \/>\n\t<meta property=\"og:image:type\" content=\"image\/jpeg\" \/>\n<meta name=\"twitter:card\" content=\"summary_large_image\" \/>\n<meta name=\"twitter:label1\" content=\"Tiempo de lectura\" \/>\n\t<meta name=\"twitter:data1\" content=\"1 minuto\" \/>\n<script type=\"application\/ld+json\" class=\"yoast-schema-graph\">{\"@context\":\"https:\/\/schema.org\",\"@graph\":[{\"@type\":\"WebPage\",\"@id\":\"https:\/\/plutourinal.com\/es\/product\/estacion-de-lavamanos-interior-obbe\/\",\"url\":\"https:\/\/plutourinal.com\/es\/product\/estacion-de-lavamanos-interior-obbe\/\",\"name\":\"Estaci\u00f3n de lavamanos universales Obbe\",\"isPartOf\":{\"@id\":\"https:\/\/plutourinal.com\/es\/#website\"},\"datePublished\":\"2015-09-15T12:54:28+00:00\",\"dateModified\":\"2022-01-19T23:42:50+00:00\",\"description\":\"Estaci\u00f3n de lavamanos universal Obbe apto para todos los ba\u00f1os port\u00e1tiles\",\"breadcrumb\":{\"@id\":\"https:\/\/plutourinal.com\/es\/product\/estacion-de-lavamanos-interior-obbe\/#breadcrumb\"},\"inLanguage\":\"es\",\"potentialAction\":[{\"@type\":\"ReadAction\",\"target\":[\"https:\/\/plutourinal.com\/es\/product\/estacion-de-lavamanos-interior-obbe\/\"]}]},{\"@type\":\"BreadcrumbList\",\"@id\":\"https:\/\/plutourinal.com\/es\/product\/estacion-de-lavamanos-interior-obbe\/#breadcrumb\",\"itemListElement\":[{\"@type\":\"ListItem\",\"position\":1,\"name\":\"Home\",\"item\":\"https:\/\/plutourinal.com\/es\/\"},{\"@type\":\"ListItem\",\"position\":2,\"name\":\"Tienda\",\"item\":\"https:\/\/plutourinal.com\/es\/tienda\/\"},{\"@type\":\"ListItem\",\"position\":3,\"name\":\"Estaci\u00f3n de lavamanos interior Obbe\"}]},{\"@type\":\"WebSite\",\"@id\":\"https:\/\/plutourinal.com\/es\/#website\",\"url\":\"https:\/\/plutourinal.com\/es\/\",\"name\":\"Pluto Urinal\",\"description\":\"Add Capacity and Reduce Lines\",\"potentialAction\":[{\"@type\":\"SearchAction\",\"target\":{\"@type\":\"EntryPoint\",\"urlTemplate\":\"https:\/\/plutourinal.com\/es\/?s={search_term_string}\"},\"query-input\":\"required name=search_term_string\"}],\"inLanguage\":\"es\"}]}<\/script>\n<!-- \/ Yoast SEO plugin. -->","yoast_head_json":{"title":"Estaci\u00f3n de lavamanos universales Obbe","description":"Estaci\u00f3n de lavamanos universal Obbe apto para todos los ba\u00f1os port\u00e1tiles","robots":{"index":"index","follow":"follow","max-snippet":"max-snippet:-1","max-image-preview":"max-image-preview:large","max-video-preview":"max-video-preview:-1"},"canonical":"https:\/\/plutourinal.com\/es\/product\/estacion-de-lavamanos-interior-obbe\/","og_locale":"es_ES","og_type":"article","og_title":"Estaci\u00f3n de lavamanos universales Obbe","og_description":"Estaci\u00f3n de lavamanos universal Obbe apto para todos los ba\u00f1os port\u00e1tiles","og_url":"https:\/\/plutourinal.com\/es\/product\/estacion-de-lavamanos-interior-obbe\/","og_site_name":"Pluto Urinal","article_modified_time":"2022-01-19T23:42:50+00:00","og_image":[{"width":1000,"height":1000,"url":"https:\/\/plutourinal.com\/wp-content\/uploads\/2015\/09\/hand-wash-unit-obbe.jpg","type":"image\/jpeg"}],"twitter_card":"summary_large_image","twitter_misc":{"Tiempo de lectura":"1 minuto"},"schema":{"@context":"https:\/\/schema.org","@graph":[{"@type":"WebPage","@id":"https:\/\/plutourinal.com\/es\/product\/estacion-de-lavamanos-interior-obbe\/","url":"https:\/\/plutourinal.com\/es\/product\/estacion-de-lavamanos-interior-obbe\/","name":"Estaci\u00f3n de lavamanos universales Obbe","isPartOf":{"@id":"https:\/\/plutourinal.com\/es\/#website"},"datePublished":"2015-09-15T12:54:28+00:00","dateModified":"2022-01-19T23:42:50+00:00","description":"Estaci\u00f3n de lavamanos universal Obbe apto para todos los ba\u00f1os port\u00e1tiles","breadcrumb":{"@id":"https:\/\/plutourinal.com\/es\/product\/estacion-de-lavamanos-interior-obbe\/#breadcrumb"},"inLanguage":"es","potentialAction":[{"@type":"ReadAction","target":["https:\/\/plutourinal.com\/es\/product\/estacion-de-lavamanos-interior-obbe\/"]}]},{"@type":"BreadcrumbList","@id":"https:\/\/plutourinal.com\/es\/product\/estacion-de-lavamanos-interior-obbe\/#breadcrumb","itemListElement":[{"@type":"ListItem","position":1,"name":"Home","item":"https:\/\/plutourinal.com\/es\/"},{"@type":"ListItem","position":2,"name":"Tienda","item":"https:\/\/plutourinal.com\/es\/tienda\/"},{"@type":"ListItem","position":3,"name":"Estaci\u00f3n de lavamanos interior Obbe"}]},{"@type":"WebSite","@id":"https:\/\/plutourinal.com\/es\/#website","url":"https:\/\/plutourinal.com\/es\/","name":"Pluto Urinal","description":"Add Capacity and Reduce Lines","potentialAction":[{"@type":"SearchAction","target":{"@type":"EntryPoint","urlTemplate":"https:\/\/plutourinal.com\/es\/?s={search_term_string}"},"query-input":"required name=search_term_string"}],"inLanguage":"es"}]}},"_links":{"self":[{"href":"https:\/\/plutourinal.com\/es\/wp-json\/wp\/v2\/product\/2104"}],"collection":[{"href":"https:\/\/plutourinal.com\/es\/wp-json\/wp\/v2\/product"}],"about":[{"href":"https:\/\/plutourinal.com\/es\/wp-json\/wp\/v2\/types\/product"}],"replies":[{"embeddable":true,"href":"https:\/\/plutourinal.com\/es\/wp-json\/wp\/v2\/comments?post=2104"}],"wp:featuredmedia":[{"embeddable":true,"href":"https:\/\/plutourinal.com\/es\/wp-json\/wp\/v2\/media\/663"}],"wp:attachment":[{"href":"https:\/\/plutourinal.com\/es\/wp-json\/wp\/v2\/media?parent=2104"}],"wp:term":[{"taxonomy":"product_cat","embeddable":true,"href":"https:\/\/plutourinal.com\/es\/wp-json\/wp\/v2\/product_cat?post=2104"},{"taxonomy":"product_tag","embeddable":true,"href":"https:\/\/plutourinal.com\/es\/wp-json\/wp\/v2\/product_tag?post=2104"}],"curies":[{"name":"wp","href":"https:\/\/api.w.org\/{rel}","templated":true}]}}