{"id":2100,"date":"2015-09-16T07:03:20","date_gmt":"2015-09-16T07:03:20","guid":{"rendered":"https:\/\/plutourinal.com\/product\/estacion-de-lavamanos-interior-orion\/"},"modified":"2025-11-03T19:15:59","modified_gmt":"2025-11-03T19:15:59","slug":"estacion-de-lavamanos-interior-orion","status":"publish","type":"product","link":"https:\/\/plutourinal.com\/es\/product\/estacion-de-lavamanos-interior-orion\/","title":{"rendered":"Estaci\u00f3n de lavamanos interior Orion"},"content":{"rendered":"<p><em><strong>Estaci\u00f3n de lavamano dise\u00f1ado para el uso \u00f3ptimo del espacio<\/strong><\/em><br \/>\n<a href=\"https:\/\/plutourinal.com\/wp-content\/uploads\/2015\/09\/LOGO-orion-handwash.jpg\"><img decoding=\"async\" loading=\"lazy\" class=\"alignright size-full wp-image-3398\" src=\"https:\/\/plutourinal.com\/wp-content\/uploads\/2015\/09\/LOGO-orion-handwash.jpg\" alt=\"orion\" width=\"227\" height=\"100\" srcset=\"https:\/\/plutourinal.com\/wp-content\/uploads\/2015\/09\/LOGO-orion-handwash.jpg 227w, https:\/\/plutourinal.com\/wp-content\/uploads\/2015\/09\/LOGO-orion-handwash-150x66.jpg 150w, https:\/\/plutourinal.com\/wp-content\/uploads\/2015\/09\/LOGO-orion-handwash-200x88.jpg 200w\" sizes=\"(max-width: 227px) 100vw, 227px\" \/><\/a><br \/>\nEl Orion es una estacion\u00a0de lavamanos dise\u00f1ado especialmente para usar\u00a0en ba\u00f1os port\u00e1tiles, y es adecuado para diferentes marcas de ba\u00f1os .<br \/>\nEl estacion de lavamanos se pueden colocar a la izquierda o a el\u00a0derecho de la taza del ba\u00f1o. Los residuos pueden se drenan para el dep\u00f3sito de residuos higi\u00e9nico o en cualquier otra forma posible.<br \/>\n<img decoding=\"async\" loading=\"lazy\" class=\"alignright size-full wp-image-3167\" src=\"https:\/\/plutourinal.com\/wp-content\/uploads\/2015\/09\/LOGO-orion-hand-wash.jpg\" alt=\"orion hand wash\" width=\"200\" height=\"106\" srcset=\"https:\/\/plutourinal.com\/wp-content\/uploads\/2015\/09\/LOGO-orion-hand-wash.jpg 200w, https:\/\/plutourinal.com\/wp-content\/uploads\/2015\/09\/LOGO-orion-hand-wash-150x80.jpg 150w\" sizes=\"(max-width: 200px) 100vw, 200px\" \/><br \/>\nEspecificaciones:<br \/>\n\u2022\u00a0Altura: 1.010 mm<br \/>\n\u2022\u00a0Ancho: 470 mm<br \/>\n\u2022\u00a0Profundidad: 190 mm<br \/>\n\u2022\u00a0Capacidad de agua dulce: 38 litros<br \/>\n\u2022\u00a0Disponible en: gris y granito<\/p>\n<p>El Orion viene con:<br \/>\n\u2022 Miembro extra\u00edble<br \/>\n\u2022 Bomba de pie<br \/>\n\u2022\u00a0Mangueras para la fijaci\u00f3n dep\u00f3sito de residuos<\/p>\n","protected":false},"excerpt":{"rendered":"<p><em><strong>Estaci\u00f3n de lavamano dise\u00f1ado para el uso \u00f3ptimo del espacio<\/strong><\/em><br \/>\n<a href=\"https:\/\/plutourinal.com\/wp-content\/uploads\/2015\/09\/LOGO-orion-handwash.jpg\"><img decoding=\"async\" loading=\"lazy\" class=\"alignright size-full wp-image-3398\" src=\"https:\/\/plutourinal.com\/wp-content\/uploads\/2015\/09\/LOGO-orion-handwash.jpg\" alt=\"orion\" width=\"227\" height=\"100\" srcset=\"https:\/\/plutourinal.com\/wp-content\/uploads\/2015\/09\/LOGO-orion-handwash.jpg 227w, https:\/\/plutourinal.com\/wp-content\/uploads\/2015\/09\/LOGO-orion-handwash-150x66.jpg 150w, https:\/\/plutourinal.com\/wp-content\/uploads\/2015\/09\/LOGO-orion-handwash-200x88.jpg 200w\" sizes=\"(max-width: 227px) 100vw, 227px\" \/><\/a><br \/>\nEl Orion es una estacion\u00a0de lavamanos dise\u00f1ado especialmente para usar\u00a0en ba\u00f1os port\u00e1tiles, y es adecuado para diferentes marcas de ba\u00f1os .<br \/>\nEl estacion de lavamanos se pueden colocar a la izquierda o a el\u00a0derecho de la taza del ba\u00f1o. Los residuos pueden se drenan para el dep\u00f3sito de residuos higi\u00e9nico o en cualquier otra forma posible.<\/p>\n","protected":false},"featured_media":691,"comment_status":"open","ping_status":"closed","template":"","meta":{"_monsterinsights_skip_tracking":false,"_monsterinsights_sitenote_active":false,"_monsterinsights_sitenote_note":"","_monsterinsights_sitenote_category":0},"product_cat":[1607,284],"product_tag":[843,807,908,974],"yoast_head":"<!-- This site is optimized with the Yoast SEO plugin v20.8 - https:\/\/yoast.com\/wordpress\/plugins\/seo\/ -->\n<title>Estacion de lavamanos interior Orion<\/title>\n<meta name=\"description\" content=\"Estaci\u00f3n de lavamanos interior Orion, se construir\u00e1 en ba\u00f1os port\u00e1tiles\" \/>\n<meta name=\"robots\" content=\"index, follow, max-snippet:-1, max-image-preview:large, max-video-preview:-1\" \/>\n<link rel=\"canonical\" href=\"https:\/\/plutourinal.com\/es\/product\/estacion-de-lavamanos-interior-orion\/\" \/>\n<meta property=\"og:locale\" content=\"es_ES\" \/>\n<meta property=\"og:type\" content=\"article\" \/>\n<meta property=\"og:title\" content=\"Estacion de lavamanos interior Orion\" \/>\n<meta property=\"og:description\" content=\"Estaci\u00f3n de lavamanos interior Orion, se construir\u00e1 en ba\u00f1os port\u00e1tiles\" \/>\n<meta property=\"og:url\" content=\"https:\/\/plutourinal.com\/es\/product\/estacion-de-lavamanos-interior-orion\/\" \/>\n<meta property=\"og:site_name\" content=\"Pluto Urinal\" \/>\n<meta property=\"article:modified_time\" content=\"2025-11-03T19:15:59+00:00\" \/>\n<meta property=\"og:image\" content=\"https:\/\/plutourinal.com\/wp-content\/uploads\/2015\/09\/Orion-hand-wash-station.jpg\" \/>\n\t<meta property=\"og:image:width\" content=\"1000\" \/>\n\t<meta property=\"og:image:height\" content=\"1000\" \/>\n\t<meta property=\"og:image:type\" content=\"image\/jpeg\" \/>\n<meta name=\"twitter:card\" content=\"summary_large_image\" \/>\n<meta name=\"twitter:label1\" content=\"Tiempo de lectura\" \/>\n\t<meta name=\"twitter:data1\" content=\"1 minuto\" \/>\n<script type=\"application\/ld+json\" class=\"yoast-schema-graph\">{\"@context\":\"https:\/\/schema.org\",\"@graph\":[{\"@type\":\"WebPage\",\"@id\":\"https:\/\/plutourinal.com\/es\/product\/estacion-de-lavamanos-interior-orion\/\",\"url\":\"https:\/\/plutourinal.com\/es\/product\/estacion-de-lavamanos-interior-orion\/\",\"name\":\"Estacion de lavamanos interior Orion\",\"isPartOf\":{\"@id\":\"https:\/\/plutourinal.com\/es\/#website\"},\"datePublished\":\"2015-09-16T07:03:20+00:00\",\"dateModified\":\"2025-11-03T19:15:59+00:00\",\"description\":\"Estaci\u00f3n de lavamanos interior Orion, se construir\u00e1 en ba\u00f1os port\u00e1tiles\",\"breadcrumb\":{\"@id\":\"https:\/\/plutourinal.com\/es\/product\/estacion-de-lavamanos-interior-orion\/#breadcrumb\"},\"inLanguage\":\"es\",\"potentialAction\":[{\"@type\":\"ReadAction\",\"target\":[\"https:\/\/plutourinal.com\/es\/product\/estacion-de-lavamanos-interior-orion\/\"]}]},{\"@type\":\"BreadcrumbList\",\"@id\":\"https:\/\/plutourinal.com\/es\/product\/estacion-de-lavamanos-interior-orion\/#breadcrumb\",\"itemListElement\":[{\"@type\":\"ListItem\",\"position\":1,\"name\":\"Home\",\"item\":\"https:\/\/plutourinal.com\/es\/\"},{\"@type\":\"ListItem\",\"position\":2,\"name\":\"Tienda\",\"item\":\"https:\/\/plutourinal.com\/es\/tienda\/\"},{\"@type\":\"ListItem\",\"position\":3,\"name\":\"Estaci\u00f3n de lavamanos interior Orion\"}]},{\"@type\":\"WebSite\",\"@id\":\"https:\/\/plutourinal.com\/es\/#website\",\"url\":\"https:\/\/plutourinal.com\/es\/\",\"name\":\"Pluto Urinal\",\"description\":\"Add Capacity and Reduce Lines\",\"potentialAction\":[{\"@type\":\"SearchAction\",\"target\":{\"@type\":\"EntryPoint\",\"urlTemplate\":\"https:\/\/plutourinal.com\/es\/?s={search_term_string}\"},\"query-input\":\"required name=search_term_string\"}],\"inLanguage\":\"es\"}]}<\/script>\n<!-- \/ Yoast SEO plugin. -->","yoast_head_json":{"title":"Estacion de lavamanos interior Orion","description":"Estaci\u00f3n de lavamanos interior Orion, se construir\u00e1 en ba\u00f1os port\u00e1tiles","robots":{"index":"index","follow":"follow","max-snippet":"max-snippet:-1","max-image-preview":"max-image-preview:large","max-video-preview":"max-video-preview:-1"},"canonical":"https:\/\/plutourinal.com\/es\/product\/estacion-de-lavamanos-interior-orion\/","og_locale":"es_ES","og_type":"article","og_title":"Estacion de lavamanos interior Orion","og_description":"Estaci\u00f3n de lavamanos interior Orion, se construir\u00e1 en ba\u00f1os port\u00e1tiles","og_url":"https:\/\/plutourinal.com\/es\/product\/estacion-de-lavamanos-interior-orion\/","og_site_name":"Pluto Urinal","article_modified_time":"2025-11-03T19:15:59+00:00","og_image":[{"width":1000,"height":1000,"url":"https:\/\/plutourinal.com\/wp-content\/uploads\/2015\/09\/Orion-hand-wash-station.jpg","type":"image\/jpeg"}],"twitter_card":"summary_large_image","twitter_misc":{"Tiempo de lectura":"1 minuto"},"schema":{"@context":"https:\/\/schema.org","@graph":[{"@type":"WebPage","@id":"https:\/\/plutourinal.com\/es\/product\/estacion-de-lavamanos-interior-orion\/","url":"https:\/\/plutourinal.com\/es\/product\/estacion-de-lavamanos-interior-orion\/","name":"Estacion de lavamanos interior Orion","isPartOf":{"@id":"https:\/\/plutourinal.com\/es\/#website"},"datePublished":"2015-09-16T07:03:20+00:00","dateModified":"2025-11-03T19:15:59+00:00","description":"Estaci\u00f3n de lavamanos interior Orion, se construir\u00e1 en ba\u00f1os port\u00e1tiles","breadcrumb":{"@id":"https:\/\/plutourinal.com\/es\/product\/estacion-de-lavamanos-interior-orion\/#breadcrumb"},"inLanguage":"es","potentialAction":[{"@type":"ReadAction","target":["https:\/\/plutourinal.com\/es\/product\/estacion-de-lavamanos-interior-orion\/"]}]},{"@type":"BreadcrumbList","@id":"https:\/\/plutourinal.com\/es\/product\/estacion-de-lavamanos-interior-orion\/#breadcrumb","itemListElement":[{"@type":"ListItem","position":1,"name":"Home","item":"https:\/\/plutourinal.com\/es\/"},{"@type":"ListItem","position":2,"name":"Tienda","item":"https:\/\/plutourinal.com\/es\/tienda\/"},{"@type":"ListItem","position":3,"name":"Estaci\u00f3n de lavamanos interior Orion"}]},{"@type":"WebSite","@id":"https:\/\/plutourinal.com\/es\/#website","url":"https:\/\/plutourinal.com\/es\/","name":"Pluto Urinal","description":"Add Capacity and Reduce Lines","potentialAction":[{"@type":"SearchAction","target":{"@type":"EntryPoint","urlTemplate":"https:\/\/plutourinal.com\/es\/?s={search_term_string}"},"query-input":"required name=search_term_string"}],"inLanguage":"es"}]}},"_links":{"self":[{"href":"https:\/\/plutourinal.com\/es\/wp-json\/wp\/v2\/product\/2100"}],"collection":[{"href":"https:\/\/plutourinal.com\/es\/wp-json\/wp\/v2\/product"}],"about":[{"href":"https:\/\/plutourinal.com\/es\/wp-json\/wp\/v2\/types\/product"}],"replies":[{"embeddable":true,"href":"https:\/\/plutourinal.com\/es\/wp-json\/wp\/v2\/comments?post=2100"}],"wp:featuredmedia":[{"embeddable":true,"href":"https:\/\/plutourinal.com\/es\/wp-json\/wp\/v2\/media\/691"}],"wp:attachment":[{"href":"https:\/\/plutourinal.com\/es\/wp-json\/wp\/v2\/media?parent=2100"}],"wp:term":[{"taxonomy":"product_cat","embeddable":true,"href":"https:\/\/plutourinal.com\/es\/wp-json\/wp\/v2\/product_cat?post=2100"},{"taxonomy":"product_tag","embeddable":true,"href":"https:\/\/plutourinal.com\/es\/wp-json\/wp\/v2\/product_tag?post=2100"}],"curies":[{"name":"wp","href":"https:\/\/api.w.org\/{rel}","templated":true}]}}