{"id":2096,"date":"2015-09-16T09:08:58","date_gmt":"2015-09-16T09:08:58","guid":{"rendered":"https:\/\/plutourinal.com\/product\/urinario-apilable-de-eventos-pluto3\/"},"modified":"2026-04-07T07:36:49","modified_gmt":"2026-04-07T07:36:49","slug":"urinario-apilable-de-eventos-pluto3","status":"publish","type":"product","link":"https:\/\/plutourinal.com\/es\/product\/urinario-apilable-de-eventos-pluto3\/","title":{"rendered":"Urinario apilable de eventos Pluto3"},"content":{"rendered":"<p><em><strong>Urinario apilable de eventos Pluto3<\/strong><\/em><\/p>\n<p><a href=\"https:\/\/plutourinal.com\/wp-content\/uploads\/2015\/09\/LOGO-PLUTO-3-stackable-urinal.png\"><img decoding=\"async\" loading=\"lazy\" class=\"alignright size-full wp-image-3382\" src=\"https:\/\/plutourinal.com\/wp-content\/uploads\/2015\/09\/LOGO-PLUTO-3-stackable-urinal.png\" alt=\"pluto3\" width=\"227\" height=\"114\" srcset=\"https:\/\/plutourinal.com\/wp-content\/uploads\/2015\/09\/LOGO-PLUTO-3-stackable-urinal.png 227w, https:\/\/plutourinal.com\/wp-content\/uploads\/2015\/09\/LOGO-PLUTO-3-stackable-urinal-150x75.png 150w, https:\/\/plutourinal.com\/wp-content\/uploads\/2015\/09\/LOGO-PLUTO-3-stackable-urinal-200x100.png 200w\" sizes=\"(max-width: 227px) 100vw, 227px\" \/><\/a>Desde su introducci\u00f3n en 2008, el urinario port\u00e1til Pluto3 es el urinario port\u00e1til m\u00e1s popular para usar en eventos.<br \/>\nSu dise\u00f1o apilable permite a las empresas de alquiler de ba\u00f1os\u00a0transportir 4 Pluto3 urinarios port\u00e1tiles\u00a0en el espacio de un ba\u00f1o port\u00e1til.<\/p>\n<p>Desde 4 personas pueden hacer usar\u00a0el Pluto3 simult\u00e1neamente, utilizando este urinario sin duda reducir las l\u00edneas de espera.<br \/>\nLas ventajas log\u00edsticas de urinarios apilables hablan por s\u00ed mismo, y lo mismo con el \u00e9xito de este urinario en todo el mundo.<\/p>\n<p>Presupuesto:<\/p>\n<p>Altura: 1.600 mm<br \/>\nAnchura: 1.120 mm<br \/>\nProfundidad: 1120 mm<br \/>\nPeso: 40 kg<br \/>\nCapacidad: 400 litros<br \/>\nDisponible en: Granito<\/p>\n<p>El urinario Pluto3 fue dise\u00f1ado por Atlas Sanitation Products en 2008. Como ex empresa de alquiler de aseo, la gente de Atlas sab\u00edan los desaf\u00edos que enfrentan las empresas de alquiler, cuando el suministro de servicios de saneamiento a un festival de gran escala.<br \/>\nAl menos uno de estos desaf\u00edos se cumpli\u00f3 con el desarrollo de un urinario apilable Pluto3.<\/p>\n<p>El stand urinario Pluto3 est\u00e1 siendo utilizado en m\u00e1s de 25 pa\u00edses en los eventos especiales y en centros de la ciudad!<\/p>\n","protected":false},"excerpt":{"rendered":"<p><em><strong>Urinario apilable de eventos Pluto3<\/strong><\/em><br \/>\n<a href=\"https:\/\/plutourinal.com\/wp-content\/uploads\/2015\/09\/LOGO-PLUTO-3-stackable-urinal.png\"><img decoding=\"async\" loading=\"lazy\" class=\"alignright size-full wp-image-3382\" src=\"https:\/\/plutourinal.com\/wp-content\/uploads\/2015\/09\/LOGO-PLUTO-3-stackable-urinal.png\" alt=\"pluto3\" width=\"227\" height=\"114\" srcset=\"https:\/\/plutourinal.com\/wp-content\/uploads\/2015\/09\/LOGO-PLUTO-3-stackable-urinal.png 227w, https:\/\/plutourinal.com\/wp-content\/uploads\/2015\/09\/LOGO-PLUTO-3-stackable-urinal-150x75.png 150w, https:\/\/plutourinal.com\/wp-content\/uploads\/2015\/09\/LOGO-PLUTO-3-stackable-urinal-200x100.png 200w\" sizes=\"(max-width: 227px) 100vw, 227px\" \/><\/a><br \/>\nDesde su introducci\u00f3n en 2008, el urinario port\u00e1til Pluto3 es el urinario port\u00e1til m\u00e1s popular para usar en eventos.<br \/>\nSu dise\u00f1o apilable permite a las empresas de alquiler de ba\u00f1os\u00a0transportir 4 Pluto3 urinarios port\u00e1tiles\u00a0en el espacio de un ba\u00f1o port\u00e1til.<\/p>\n<p>Desde 4 personas pueden hacer usar\u00a0el Pluto3 simult\u00e1neamente, utilizando este urinario sin duda reducir las l\u00edneas de espera.<br \/>\nLas ventajas log\u00edsticas de urinarios apilables hablan por s\u00ed mismo, y lo mismo con el \u00e9xito de este urinario en todo el mundo.<\/p>\n","protected":false},"featured_media":2960,"comment_status":"open","ping_status":"closed","template":"","meta":{"_monsterinsights_skip_tracking":false,"_monsterinsights_sitenote_active":false,"_monsterinsights_sitenote_note":"","_monsterinsights_sitenote_category":0},"product_cat":[1620,288],"product_tag":[1107,1110,714,896],"yoast_head":"<!-- This site is optimized with the Yoast SEO plugin v20.8 - https:\/\/yoast.com\/wordpress\/plugins\/seo\/ -->\n<title>Urinario apilable de Pluto3<\/title>\n<meta name=\"description\" content=\"Urinario apilable de eventos Pluto3\" \/>\n<meta name=\"robots\" content=\"index, follow, max-snippet:-1, max-image-preview:large, max-video-preview:-1\" \/>\n<link rel=\"canonical\" href=\"https:\/\/plutourinal.com\/es\/product\/urinario-apilable-de-eventos-pluto3\/\" \/>\n<meta property=\"og:locale\" content=\"es_ES\" \/>\n<meta property=\"og:type\" content=\"article\" \/>\n<meta property=\"og:title\" content=\"Urinario apilable de Pluto3\" \/>\n<meta property=\"og:description\" content=\"Urinario apilable de eventos Pluto3\" \/>\n<meta property=\"og:url\" content=\"https:\/\/plutourinal.com\/es\/product\/urinario-apilable-de-eventos-pluto3\/\" \/>\n<meta property=\"og:site_name\" content=\"Pluto Urinal\" \/>\n<meta property=\"article:modified_time\" content=\"2026-04-07T07:36:49+00:00\" \/>\n<meta property=\"og:image\" content=\"https:\/\/plutourinal.com\/wp-content\/uploads\/2015\/09\/Pluto3-stackable-urinal.jpg\" \/>\n\t<meta property=\"og:image:width\" content=\"1000\" \/>\n\t<meta property=\"og:image:height\" content=\"1000\" \/>\n\t<meta property=\"og:image:type\" content=\"image\/jpeg\" \/>\n<meta name=\"twitter:card\" content=\"summary_large_image\" \/>\n<meta name=\"twitter:label1\" content=\"Tiempo de lectura\" \/>\n\t<meta name=\"twitter:data1\" content=\"2 minutos\" \/>\n<script type=\"application\/ld+json\" class=\"yoast-schema-graph\">{\"@context\":\"https:\/\/schema.org\",\"@graph\":[{\"@type\":\"WebPage\",\"@id\":\"https:\/\/plutourinal.com\/es\/product\/urinario-apilable-de-eventos-pluto3\/\",\"url\":\"https:\/\/plutourinal.com\/es\/product\/urinario-apilable-de-eventos-pluto3\/\",\"name\":\"Urinario apilable de Pluto3\",\"isPartOf\":{\"@id\":\"https:\/\/plutourinal.com\/es\/#website\"},\"datePublished\":\"2015-09-16T09:08:58+00:00\",\"dateModified\":\"2026-04-07T07:36:49+00:00\",\"description\":\"Urinario apilable de eventos Pluto3\",\"breadcrumb\":{\"@id\":\"https:\/\/plutourinal.com\/es\/product\/urinario-apilable-de-eventos-pluto3\/#breadcrumb\"},\"inLanguage\":\"es\",\"potentialAction\":[{\"@type\":\"ReadAction\",\"target\":[\"https:\/\/plutourinal.com\/es\/product\/urinario-apilable-de-eventos-pluto3\/\"]}]},{\"@type\":\"BreadcrumbList\",\"@id\":\"https:\/\/plutourinal.com\/es\/product\/urinario-apilable-de-eventos-pluto3\/#breadcrumb\",\"itemListElement\":[{\"@type\":\"ListItem\",\"position\":1,\"name\":\"Home\",\"item\":\"https:\/\/plutourinal.com\/es\/\"},{\"@type\":\"ListItem\",\"position\":2,\"name\":\"Tienda\",\"item\":\"https:\/\/plutourinal.com\/es\/tienda\/\"},{\"@type\":\"ListItem\",\"position\":3,\"name\":\"Urinario apilable de eventos Pluto3\"}]},{\"@type\":\"WebSite\",\"@id\":\"https:\/\/plutourinal.com\/es\/#website\",\"url\":\"https:\/\/plutourinal.com\/es\/\",\"name\":\"Pluto Urinal\",\"description\":\"Add Capacity and Reduce Lines\",\"potentialAction\":[{\"@type\":\"SearchAction\",\"target\":{\"@type\":\"EntryPoint\",\"urlTemplate\":\"https:\/\/plutourinal.com\/es\/?s={search_term_string}\"},\"query-input\":\"required name=search_term_string\"}],\"inLanguage\":\"es\"}]}<\/script>\n<!-- \/ Yoast SEO plugin. -->","yoast_head_json":{"title":"Urinario apilable de Pluto3","description":"Urinario apilable de eventos Pluto3","robots":{"index":"index","follow":"follow","max-snippet":"max-snippet:-1","max-image-preview":"max-image-preview:large","max-video-preview":"max-video-preview:-1"},"canonical":"https:\/\/plutourinal.com\/es\/product\/urinario-apilable-de-eventos-pluto3\/","og_locale":"es_ES","og_type":"article","og_title":"Urinario apilable de Pluto3","og_description":"Urinario apilable de eventos Pluto3","og_url":"https:\/\/plutourinal.com\/es\/product\/urinario-apilable-de-eventos-pluto3\/","og_site_name":"Pluto Urinal","article_modified_time":"2026-04-07T07:36:49+00:00","og_image":[{"width":1000,"height":1000,"url":"https:\/\/plutourinal.com\/wp-content\/uploads\/2015\/09\/Pluto3-stackable-urinal.jpg","type":"image\/jpeg"}],"twitter_card":"summary_large_image","twitter_misc":{"Tiempo de lectura":"2 minutos"},"schema":{"@context":"https:\/\/schema.org","@graph":[{"@type":"WebPage","@id":"https:\/\/plutourinal.com\/es\/product\/urinario-apilable-de-eventos-pluto3\/","url":"https:\/\/plutourinal.com\/es\/product\/urinario-apilable-de-eventos-pluto3\/","name":"Urinario apilable de Pluto3","isPartOf":{"@id":"https:\/\/plutourinal.com\/es\/#website"},"datePublished":"2015-09-16T09:08:58+00:00","dateModified":"2026-04-07T07:36:49+00:00","description":"Urinario apilable de eventos Pluto3","breadcrumb":{"@id":"https:\/\/plutourinal.com\/es\/product\/urinario-apilable-de-eventos-pluto3\/#breadcrumb"},"inLanguage":"es","potentialAction":[{"@type":"ReadAction","target":["https:\/\/plutourinal.com\/es\/product\/urinario-apilable-de-eventos-pluto3\/"]}]},{"@type":"BreadcrumbList","@id":"https:\/\/plutourinal.com\/es\/product\/urinario-apilable-de-eventos-pluto3\/#breadcrumb","itemListElement":[{"@type":"ListItem","position":1,"name":"Home","item":"https:\/\/plutourinal.com\/es\/"},{"@type":"ListItem","position":2,"name":"Tienda","item":"https:\/\/plutourinal.com\/es\/tienda\/"},{"@type":"ListItem","position":3,"name":"Urinario apilable de eventos Pluto3"}]},{"@type":"WebSite","@id":"https:\/\/plutourinal.com\/es\/#website","url":"https:\/\/plutourinal.com\/es\/","name":"Pluto Urinal","description":"Add Capacity and Reduce Lines","potentialAction":[{"@type":"SearchAction","target":{"@type":"EntryPoint","urlTemplate":"https:\/\/plutourinal.com\/es\/?s={search_term_string}"},"query-input":"required name=search_term_string"}],"inLanguage":"es"}]}},"_links":{"self":[{"href":"https:\/\/plutourinal.com\/es\/wp-json\/wp\/v2\/product\/2096"}],"collection":[{"href":"https:\/\/plutourinal.com\/es\/wp-json\/wp\/v2\/product"}],"about":[{"href":"https:\/\/plutourinal.com\/es\/wp-json\/wp\/v2\/types\/product"}],"replies":[{"embeddable":true,"href":"https:\/\/plutourinal.com\/es\/wp-json\/wp\/v2\/comments?post=2096"}],"wp:featuredmedia":[{"embeddable":true,"href":"https:\/\/plutourinal.com\/es\/wp-json\/wp\/v2\/media\/2960"}],"wp:attachment":[{"href":"https:\/\/plutourinal.com\/es\/wp-json\/wp\/v2\/media?parent=2096"}],"wp:term":[{"taxonomy":"product_cat","embeddable":true,"href":"https:\/\/plutourinal.com\/es\/wp-json\/wp\/v2\/product_cat?post=2096"},{"taxonomy":"product_tag","embeddable":true,"href":"https:\/\/plutourinal.com\/es\/wp-json\/wp\/v2\/product_tag?post=2096"}],"curies":[{"name":"wp","href":"https:\/\/api.w.org\/{rel}","templated":true}]}}