{"id":2092,"date":"2015-09-16T09:23:07","date_gmt":"2015-09-16T09:23:07","guid":{"rendered":"https:\/\/plutourinal.com\/product\/bano-portatil-semi-permante-pluto4\/"},"modified":"2024-03-17T15:25:36","modified_gmt":"2024-03-17T15:25:36","slug":"bano-portatil-semi-permante-pluto4","status":"publish","type":"product","link":"https:\/\/plutourinal.com\/es\/product\/bano-portatil-semi-permante-pluto4\/","title":{"rendered":"Ba\u00f1o port\u00e1til semi-permante Pluto4"},"content":{"rendered":"<p><em><strong>Urinario semi-permanente para eventos y centros de las ciudades<\/strong><\/em><\/p>\n<p><a href=\"https:\/\/plutourinal.com\/wp-content\/uploads\/2015\/09\/LOGO-PLUTO-4-mobile-urinal.png\"><img decoding=\"async\" loading=\"lazy\" class=\"alignright size-full wp-image-3377\" src=\"https:\/\/plutourinal.com\/wp-content\/uploads\/2015\/09\/LOGO-PLUTO-4-mobile-urinal.png\" alt=\"pluto4\" width=\"227\" height=\"114\" srcset=\"https:\/\/plutourinal.com\/wp-content\/uploads\/2015\/09\/LOGO-PLUTO-4-mobile-urinal.png 227w, https:\/\/plutourinal.com\/wp-content\/uploads\/2015\/09\/LOGO-PLUTO-4-mobile-urinal-150x75.png 150w, https:\/\/plutourinal.com\/wp-content\/uploads\/2015\/09\/LOGO-PLUTO-4-mobile-urinal-200x100.png 200w\" sizes=\"(max-width: 227px) 100vw, 227px\" \/><\/a>Con mucho gusto presentar a usted nuestro \u00faltimo producto innovador, el urinario Pluto4.<br \/>\nExperiencias y deseos de nuestros clientes se incorporan en esta nueva e innovadora urinario port\u00e1til, dise\u00f1ados para ser desplegados en una amplia variedad de condiciones y lugares.<\/p>\n<p>Cuando el urinario Pluto3 es el m\u00e1s adecuado para usar\u00a0en eventos especiales, debido a sus ventajas log\u00edsticas (apilable hasta un m\u00e1ximo de 4 unidades), el Pluto4 es un urinario m\u00e1s permanente, ideal para largos per\u00edodos de colocaci\u00f3n, como en los centros urbanos, gasolineras, \u00e1reas de picnic, marinas, etc\u00e9tera.<\/p>\n<p>Por su atractivo dise\u00f1o el urinario semi-permanente\u00a0Pluto4 es la soluci\u00f3n ideal para reducir orinar en p\u00fablico en casi todas las situaciones. El urinario\u00a0se puede drenar en el sistema de alcantarillado o los servicios de una empresa de alquiler de ba\u00f1os. El espacio es id\u00e9ntica a la de ba\u00f1os port\u00e1tiles m\u00e1s comunes, lo que garantiza una integraci\u00f3n sin problemas y sin preocupaciones en la flota de\u00a0ba\u00f1os\u00a0existente de las empresas de alquiler.<\/p>\n<p>Presupuesto:<\/p>\n<p>\u2022 Altura: 1.930 mm<br \/>\n\u2022 Anchura: 1.150 mm<br \/>\n\u2022 Profundidad: 1150 mm<br \/>\n\u2022 Peso: 75 kg<br \/>\n\u2022 Capacidad: 490 litros<br \/>\n\u2022 Disponible en: Gris<\/p>\n<p>El Plut\u00f3n 4 viene con:<\/p>\n<p>\u2022 M\u00f3vil f\u00e1cil con ranuras para transpaleta y carretilla elevadora<br \/>\n\u2022 Dep\u00f3sito de residuos Cerrado &#8211; transportable con contenido<br \/>\n\u2022 F\u00e1cil de limpiar el interior y el exterior<br \/>\n\u2022 Base reforzada<br \/>\n\u2022 Privacidad \u00f3ptima<br \/>\n\u2022 Drenaje en dos lados<br \/>\n\u2022 Asas para un f\u00e1cil manejo<\/p>\n","protected":false},"excerpt":{"rendered":"<p><em><strong>Urinario semi-permanente para eventos y centros de las ciudades<\/strong><\/em><br \/>\n<a href=\"https:\/\/plutourinal.com\/wp-content\/uploads\/2015\/09\/LOGO-PLUTO-4-mobile-urinal.png\"><img decoding=\"async\" loading=\"lazy\" class=\"alignright size-full wp-image-3377\" src=\"https:\/\/plutourinal.com\/wp-content\/uploads\/2015\/09\/LOGO-PLUTO-4-mobile-urinal.png\" alt=\"pluto4\" width=\"227\" height=\"114\" srcset=\"https:\/\/plutourinal.com\/wp-content\/uploads\/2015\/09\/LOGO-PLUTO-4-mobile-urinal.png 227w, https:\/\/plutourinal.com\/wp-content\/uploads\/2015\/09\/LOGO-PLUTO-4-mobile-urinal-150x75.png 150w, https:\/\/plutourinal.com\/wp-content\/uploads\/2015\/09\/LOGO-PLUTO-4-mobile-urinal-200x100.png 200w\" sizes=\"(max-width: 227px) 100vw, 227px\" \/><\/a>Por su atractivo dise\u00f1o el urinario semi-permanente\u00a0Pluto4 es la soluci\u00f3n ideal para reducir orinar en p\u00fablico en casi todas las situaciones. El urinario\u00a0se puede drenar en el sistema de alcantarillado o los servicios de una empresa de alquiler de ba\u00f1os. El espacio es id\u00e9ntica a la de ba\u00f1os port\u00e1tiles m\u00e1s comunes, lo que garantiza una integraci\u00f3n sin problemas y sin preocupaciones en la flota de\u00a0ba\u00f1os\u00a0existente de las empresas de alquiler.<\/p>\n","protected":false},"featured_media":751,"comment_status":"open","ping_status":"closed","template":"","meta":{"_monsterinsights_skip_tracking":false,"_monsterinsights_sitenote_active":false,"_monsterinsights_sitenote_note":"","_monsterinsights_sitenote_category":0},"product_cat":[1620,288],"product_tag":[611,714,877,1065,896],"yoast_head":"<!-- This site is optimized with the Yoast SEO plugin v20.8 - https:\/\/yoast.com\/wordpress\/plugins\/seo\/ -->\n<title>Ba\u00f1o port\u00e1til semi-permante Pluto4<\/title>\n<meta name=\"description\" content=\"Ba\u00f1o port\u00e1til semi-permante Pluto4 para eventos y centros de las ciudades\" \/>\n<meta name=\"robots\" content=\"index, follow, max-snippet:-1, max-image-preview:large, max-video-preview:-1\" \/>\n<link rel=\"canonical\" href=\"https:\/\/plutourinal.com\/es\/product\/bano-portatil-semi-permante-pluto4\/\" \/>\n<meta property=\"og:locale\" content=\"es_ES\" \/>\n<meta property=\"og:type\" content=\"article\" \/>\n<meta property=\"og:title\" content=\"Ba\u00f1o port\u00e1til semi-permante Pluto4\" \/>\n<meta property=\"og:description\" content=\"Ba\u00f1o port\u00e1til semi-permante Pluto4 para eventos y centros de las ciudades\" \/>\n<meta property=\"og:url\" content=\"https:\/\/plutourinal.com\/es\/product\/bano-portatil-semi-permante-pluto4\/\" \/>\n<meta property=\"og:site_name\" content=\"Pluto Urinal\" \/>\n<meta property=\"article:modified_time\" content=\"2024-03-17T15:25:36+00:00\" \/>\n<meta property=\"og:image\" content=\"https:\/\/plutourinal.com\/wp-content\/uploads\/2015\/09\/semi-permanent-urinal.jpg\" \/>\n\t<meta property=\"og:image:width\" content=\"1000\" \/>\n\t<meta property=\"og:image:height\" content=\"1000\" \/>\n\t<meta property=\"og:image:type\" content=\"image\/jpeg\" \/>\n<meta name=\"twitter:card\" content=\"summary_large_image\" \/>\n<meta name=\"twitter:label1\" content=\"Tiempo de lectura\" \/>\n\t<meta name=\"twitter:data1\" content=\"1 minuto\" \/>\n<script type=\"application\/ld+json\" class=\"yoast-schema-graph\">{\"@context\":\"https:\/\/schema.org\",\"@graph\":[{\"@type\":\"WebPage\",\"@id\":\"https:\/\/plutourinal.com\/es\/product\/bano-portatil-semi-permante-pluto4\/\",\"url\":\"https:\/\/plutourinal.com\/es\/product\/bano-portatil-semi-permante-pluto4\/\",\"name\":\"Ba\u00f1o port\u00e1til semi-permante Pluto4\",\"isPartOf\":{\"@id\":\"https:\/\/plutourinal.com\/es\/#website\"},\"datePublished\":\"2015-09-16T09:23:07+00:00\",\"dateModified\":\"2024-03-17T15:25:36+00:00\",\"description\":\"Ba\u00f1o port\u00e1til semi-permante Pluto4 para eventos y centros de las ciudades\",\"breadcrumb\":{\"@id\":\"https:\/\/plutourinal.com\/es\/product\/bano-portatil-semi-permante-pluto4\/#breadcrumb\"},\"inLanguage\":\"es\",\"potentialAction\":[{\"@type\":\"ReadAction\",\"target\":[\"https:\/\/plutourinal.com\/es\/product\/bano-portatil-semi-permante-pluto4\/\"]}]},{\"@type\":\"BreadcrumbList\",\"@id\":\"https:\/\/plutourinal.com\/es\/product\/bano-portatil-semi-permante-pluto4\/#breadcrumb\",\"itemListElement\":[{\"@type\":\"ListItem\",\"position\":1,\"name\":\"Home\",\"item\":\"https:\/\/plutourinal.com\/es\/\"},{\"@type\":\"ListItem\",\"position\":2,\"name\":\"Tienda\",\"item\":\"https:\/\/plutourinal.com\/es\/tienda\/\"},{\"@type\":\"ListItem\",\"position\":3,\"name\":\"Ba\u00f1o port\u00e1til semi-permante Pluto4\"}]},{\"@type\":\"WebSite\",\"@id\":\"https:\/\/plutourinal.com\/es\/#website\",\"url\":\"https:\/\/plutourinal.com\/es\/\",\"name\":\"Pluto Urinal\",\"description\":\"Add Capacity and Reduce Lines\",\"potentialAction\":[{\"@type\":\"SearchAction\",\"target\":{\"@type\":\"EntryPoint\",\"urlTemplate\":\"https:\/\/plutourinal.com\/es\/?s={search_term_string}\"},\"query-input\":\"required name=search_term_string\"}],\"inLanguage\":\"es\"}]}<\/script>\n<!-- \/ Yoast SEO plugin. -->","yoast_head_json":{"title":"Ba\u00f1o port\u00e1til semi-permante Pluto4","description":"Ba\u00f1o port\u00e1til semi-permante Pluto4 para eventos y centros de las ciudades","robots":{"index":"index","follow":"follow","max-snippet":"max-snippet:-1","max-image-preview":"max-image-preview:large","max-video-preview":"max-video-preview:-1"},"canonical":"https:\/\/plutourinal.com\/es\/product\/bano-portatil-semi-permante-pluto4\/","og_locale":"es_ES","og_type":"article","og_title":"Ba\u00f1o port\u00e1til semi-permante Pluto4","og_description":"Ba\u00f1o port\u00e1til semi-permante Pluto4 para eventos y centros de las ciudades","og_url":"https:\/\/plutourinal.com\/es\/product\/bano-portatil-semi-permante-pluto4\/","og_site_name":"Pluto Urinal","article_modified_time":"2024-03-17T15:25:36+00:00","og_image":[{"width":1000,"height":1000,"url":"https:\/\/plutourinal.com\/wp-content\/uploads\/2015\/09\/semi-permanent-urinal.jpg","type":"image\/jpeg"}],"twitter_card":"summary_large_image","twitter_misc":{"Tiempo de lectura":"1 minuto"},"schema":{"@context":"https:\/\/schema.org","@graph":[{"@type":"WebPage","@id":"https:\/\/plutourinal.com\/es\/product\/bano-portatil-semi-permante-pluto4\/","url":"https:\/\/plutourinal.com\/es\/product\/bano-portatil-semi-permante-pluto4\/","name":"Ba\u00f1o port\u00e1til semi-permante Pluto4","isPartOf":{"@id":"https:\/\/plutourinal.com\/es\/#website"},"datePublished":"2015-09-16T09:23:07+00:00","dateModified":"2024-03-17T15:25:36+00:00","description":"Ba\u00f1o port\u00e1til semi-permante Pluto4 para eventos y centros de las ciudades","breadcrumb":{"@id":"https:\/\/plutourinal.com\/es\/product\/bano-portatil-semi-permante-pluto4\/#breadcrumb"},"inLanguage":"es","potentialAction":[{"@type":"ReadAction","target":["https:\/\/plutourinal.com\/es\/product\/bano-portatil-semi-permante-pluto4\/"]}]},{"@type":"BreadcrumbList","@id":"https:\/\/plutourinal.com\/es\/product\/bano-portatil-semi-permante-pluto4\/#breadcrumb","itemListElement":[{"@type":"ListItem","position":1,"name":"Home","item":"https:\/\/plutourinal.com\/es\/"},{"@type":"ListItem","position":2,"name":"Tienda","item":"https:\/\/plutourinal.com\/es\/tienda\/"},{"@type":"ListItem","position":3,"name":"Ba\u00f1o port\u00e1til semi-permante Pluto4"}]},{"@type":"WebSite","@id":"https:\/\/plutourinal.com\/es\/#website","url":"https:\/\/plutourinal.com\/es\/","name":"Pluto Urinal","description":"Add Capacity and Reduce Lines","potentialAction":[{"@type":"SearchAction","target":{"@type":"EntryPoint","urlTemplate":"https:\/\/plutourinal.com\/es\/?s={search_term_string}"},"query-input":"required name=search_term_string"}],"inLanguage":"es"}]}},"_links":{"self":[{"href":"https:\/\/plutourinal.com\/es\/wp-json\/wp\/v2\/product\/2092"}],"collection":[{"href":"https:\/\/plutourinal.com\/es\/wp-json\/wp\/v2\/product"}],"about":[{"href":"https:\/\/plutourinal.com\/es\/wp-json\/wp\/v2\/types\/product"}],"replies":[{"embeddable":true,"href":"https:\/\/plutourinal.com\/es\/wp-json\/wp\/v2\/comments?post=2092"}],"wp:featuredmedia":[{"embeddable":true,"href":"https:\/\/plutourinal.com\/es\/wp-json\/wp\/v2\/media\/751"}],"wp:attachment":[{"href":"https:\/\/plutourinal.com\/es\/wp-json\/wp\/v2\/media?parent=2092"}],"wp:term":[{"taxonomy":"product_cat","embeddable":true,"href":"https:\/\/plutourinal.com\/es\/wp-json\/wp\/v2\/product_cat?post=2092"},{"taxonomy":"product_tag","embeddable":true,"href":"https:\/\/plutourinal.com\/es\/wp-json\/wp\/v2\/product_tag?post=2092"}],"curies":[{"name":"wp","href":"https:\/\/api.w.org\/{rel}","templated":true}]}}