{"id":1719,"date":"2015-09-28T07:51:16","date_gmt":"2015-09-28T07:51:16","guid":{"rendered":"https:\/\/plutourinal.com\/product\/pegatina-bano-de-senoras\/"},"modified":"2025-05-14T18:56:14","modified_gmt":"2025-05-14T18:56:14","slug":"pegatina-bano-de-senoras","status":"publish","type":"product","link":"https:\/\/plutourinal.com\/es\/product\/pegatina-bano-de-senoras\/","title":{"rendered":"Pegatina ba\u00f1o de se\u00f1oras"},"content":{"rendered":"<p>Pegatina\u00a0de ba\u00f1o de se\u00f1oras,<br \/>En rosa y blanco.<br \/>Dimensiones: 8,5 x 22,5cm.<br \/>Por un conjunto de 10 pegatinas de calidad.<\/p>\n","protected":false},"excerpt":{"rendered":"<p>Pegatina\u00a0de ba\u00f1o de se\u00f1oras,<br \/>En rosa y blanco.<br \/>Dimensiones: 8,5 x 22,5cm.<br \/>Por un conjunto de 10 pegatinas de calidad.<\/p>\n","protected":false},"featured_media":1047,"comment_status":"open","ping_status":"closed","template":"","meta":{"_monsterinsights_skip_tracking":false,"_monsterinsights_sitenote_active":false,"_monsterinsights_sitenote_note":"","_monsterinsights_sitenote_category":0},"product_cat":[1611,293],"product_tag":[1019,851,727,841,1118,938],"yoast_head":"<!-- This site is optimized with the Yoast SEO plugin v20.8 - https:\/\/yoast.com\/wordpress\/plugins\/seo\/ -->\n<title>Pegatina de ba\u00f1o de se\u00f1oras<\/title>\n<meta name=\"description\" content=\"Pegatina de ba\u00f1o de se\u00f1oras. En rosa y blanco.\" \/>\n<meta name=\"robots\" content=\"index, follow, max-snippet:-1, max-image-preview:large, max-video-preview:-1\" \/>\n<link rel=\"canonical\" href=\"https:\/\/plutourinal.com\/es\/product\/pegatina-bano-de-senoras\/\" \/>\n<meta property=\"og:locale\" content=\"es_ES\" \/>\n<meta property=\"og:type\" content=\"article\" \/>\n<meta property=\"og:title\" content=\"Pegatina de ba\u00f1o de se\u00f1oras\" \/>\n<meta property=\"og:description\" content=\"Pegatina de ba\u00f1o de se\u00f1oras. En rosa y blanco.\" \/>\n<meta property=\"og:url\" content=\"https:\/\/plutourinal.com\/es\/product\/pegatina-bano-de-senoras\/\" \/>\n<meta property=\"og:site_name\" content=\"Pluto Urinal\" \/>\n<meta property=\"article:modified_time\" content=\"2025-05-14T18:56:14+00:00\" \/>\n<meta property=\"og:image\" content=\"https:\/\/plutourinal.com\/wp-content\/uploads\/2015\/09\/Sticker-Female-Toilet.jpg\" \/>\n\t<meta property=\"og:image:width\" content=\"1000\" \/>\n\t<meta property=\"og:image:height\" content=\"1000\" \/>\n\t<meta property=\"og:image:type\" content=\"image\/jpeg\" \/>\n<meta name=\"twitter:card\" content=\"summary_large_image\" \/>\n<script type=\"application\/ld+json\" class=\"yoast-schema-graph\">{\"@context\":\"https:\/\/schema.org\",\"@graph\":[{\"@type\":\"WebPage\",\"@id\":\"https:\/\/plutourinal.com\/es\/product\/pegatina-bano-de-senoras\/\",\"url\":\"https:\/\/plutourinal.com\/es\/product\/pegatina-bano-de-senoras\/\",\"name\":\"Pegatina de ba\u00f1o de se\u00f1oras\",\"isPartOf\":{\"@id\":\"https:\/\/plutourinal.com\/es\/#website\"},\"datePublished\":\"2015-09-28T07:51:16+00:00\",\"dateModified\":\"2025-05-14T18:56:14+00:00\",\"description\":\"Pegatina de ba\u00f1o de se\u00f1oras. En rosa y blanco.\",\"breadcrumb\":{\"@id\":\"https:\/\/plutourinal.com\/es\/product\/pegatina-bano-de-senoras\/#breadcrumb\"},\"inLanguage\":\"es\",\"potentialAction\":[{\"@type\":\"ReadAction\",\"target\":[\"https:\/\/plutourinal.com\/es\/product\/pegatina-bano-de-senoras\/\"]}]},{\"@type\":\"BreadcrumbList\",\"@id\":\"https:\/\/plutourinal.com\/es\/product\/pegatina-bano-de-senoras\/#breadcrumb\",\"itemListElement\":[{\"@type\":\"ListItem\",\"position\":1,\"name\":\"Home\",\"item\":\"https:\/\/plutourinal.com\/es\/\"},{\"@type\":\"ListItem\",\"position\":2,\"name\":\"Tienda\",\"item\":\"https:\/\/plutourinal.com\/es\/tienda\/\"},{\"@type\":\"ListItem\",\"position\":3,\"name\":\"Pegatina ba\u00f1o de se\u00f1oras\"}]},{\"@type\":\"WebSite\",\"@id\":\"https:\/\/plutourinal.com\/es\/#website\",\"url\":\"https:\/\/plutourinal.com\/es\/\",\"name\":\"Pluto Urinal\",\"description\":\"Add Capacity and Reduce Lines\",\"potentialAction\":[{\"@type\":\"SearchAction\",\"target\":{\"@type\":\"EntryPoint\",\"urlTemplate\":\"https:\/\/plutourinal.com\/es\/?s={search_term_string}\"},\"query-input\":\"required name=search_term_string\"}],\"inLanguage\":\"es\"}]}<\/script>\n<!-- \/ Yoast SEO plugin. -->","yoast_head_json":{"title":"Pegatina de ba\u00f1o de se\u00f1oras","description":"Pegatina de ba\u00f1o de se\u00f1oras. En rosa y blanco.","robots":{"index":"index","follow":"follow","max-snippet":"max-snippet:-1","max-image-preview":"max-image-preview:large","max-video-preview":"max-video-preview:-1"},"canonical":"https:\/\/plutourinal.com\/es\/product\/pegatina-bano-de-senoras\/","og_locale":"es_ES","og_type":"article","og_title":"Pegatina de ba\u00f1o de se\u00f1oras","og_description":"Pegatina de ba\u00f1o de se\u00f1oras. En rosa y blanco.","og_url":"https:\/\/plutourinal.com\/es\/product\/pegatina-bano-de-senoras\/","og_site_name":"Pluto Urinal","article_modified_time":"2025-05-14T18:56:14+00:00","og_image":[{"width":1000,"height":1000,"url":"https:\/\/plutourinal.com\/wp-content\/uploads\/2015\/09\/Sticker-Female-Toilet.jpg","type":"image\/jpeg"}],"twitter_card":"summary_large_image","schema":{"@context":"https:\/\/schema.org","@graph":[{"@type":"WebPage","@id":"https:\/\/plutourinal.com\/es\/product\/pegatina-bano-de-senoras\/","url":"https:\/\/plutourinal.com\/es\/product\/pegatina-bano-de-senoras\/","name":"Pegatina de ba\u00f1o de se\u00f1oras","isPartOf":{"@id":"https:\/\/plutourinal.com\/es\/#website"},"datePublished":"2015-09-28T07:51:16+00:00","dateModified":"2025-05-14T18:56:14+00:00","description":"Pegatina de ba\u00f1o de se\u00f1oras. En rosa y blanco.","breadcrumb":{"@id":"https:\/\/plutourinal.com\/es\/product\/pegatina-bano-de-senoras\/#breadcrumb"},"inLanguage":"es","potentialAction":[{"@type":"ReadAction","target":["https:\/\/plutourinal.com\/es\/product\/pegatina-bano-de-senoras\/"]}]},{"@type":"BreadcrumbList","@id":"https:\/\/plutourinal.com\/es\/product\/pegatina-bano-de-senoras\/#breadcrumb","itemListElement":[{"@type":"ListItem","position":1,"name":"Home","item":"https:\/\/plutourinal.com\/es\/"},{"@type":"ListItem","position":2,"name":"Tienda","item":"https:\/\/plutourinal.com\/es\/tienda\/"},{"@type":"ListItem","position":3,"name":"Pegatina ba\u00f1o de se\u00f1oras"}]},{"@type":"WebSite","@id":"https:\/\/plutourinal.com\/es\/#website","url":"https:\/\/plutourinal.com\/es\/","name":"Pluto Urinal","description":"Add Capacity and Reduce Lines","potentialAction":[{"@type":"SearchAction","target":{"@type":"EntryPoint","urlTemplate":"https:\/\/plutourinal.com\/es\/?s={search_term_string}"},"query-input":"required name=search_term_string"}],"inLanguage":"es"}]}},"_links":{"self":[{"href":"https:\/\/plutourinal.com\/es\/wp-json\/wp\/v2\/product\/1719"}],"collection":[{"href":"https:\/\/plutourinal.com\/es\/wp-json\/wp\/v2\/product"}],"about":[{"href":"https:\/\/plutourinal.com\/es\/wp-json\/wp\/v2\/types\/product"}],"replies":[{"embeddable":true,"href":"https:\/\/plutourinal.com\/es\/wp-json\/wp\/v2\/comments?post=1719"}],"wp:featuredmedia":[{"embeddable":true,"href":"https:\/\/plutourinal.com\/es\/wp-json\/wp\/v2\/media\/1047"}],"wp:attachment":[{"href":"https:\/\/plutourinal.com\/es\/wp-json\/wp\/v2\/media?parent=1719"}],"wp:term":[{"taxonomy":"product_cat","embeddable":true,"href":"https:\/\/plutourinal.com\/es\/wp-json\/wp\/v2\/product_cat?post=1719"},{"taxonomy":"product_tag","embeddable":true,"href":"https:\/\/plutourinal.com\/es\/wp-json\/wp\/v2\/product_tag?post=1719"}],"curies":[{"name":"wp","href":"https:\/\/api.w.org\/{rel}","templated":true}]}}