{"id":16393,"date":"2022-09-23T13:23:15","date_gmt":"2022-09-23T13:29:49","guid":{"rendered":"https:\/\/plutourinal.com\/?post_type=product&#038;p=16393"},"modified":"2024-03-17T07:35:47","modified_gmt":"2024-03-17T07:35:47","slug":"estacion-de-lavamanos-interior-netune","status":"publish","type":"product","link":"https:\/\/plutourinal.com\/es\/product\/estacion-de-lavamanos-interior-netune\/","title":{"rendered":"Estaci\u00f3n de lavamanos interior Neptune"},"content":{"rendered":"<p>Lavamanos Neptune con lavabo espacioso para montaje en ba\u00f1os port\u00e1tiles.<br \/>\nEl lavabo se puede girar a la izquierda o a la derecha, por lo que Neptune se puede montar a la izquierda o a la derecha de cualquier ba\u00f1o port\u00e1til. El tanque Neptune es f\u00e1cilmente accesible para el llenado y tampoco para la limpieza (a alta presi\u00f3n). El agua residual se descarga a trav\u00e9s de una manguera al tanque del inodoro.<br \/>\nEl agua residual se drena al tanque del ba\u00f1o con una manguera.<\/p>\n<p>Especificaciones:<\/p>\n<p>\u00b7 Altura:\u00a0 107 mm<br \/>\n\u00b7 Altura fregadero: 95 cm<br \/>\n\u00b7 Medidas del lavabo: 43 x 15 cm<br \/>\n\u00b7 Ancho: 43cm<br \/>\n\u00b7 Profundidad:\u00a0 23 cm<br \/>\n\u00b7 Agua dulce Capacidad: 36 litros<br \/>\n\u00b7 Disponible en: Gris Oscuro y Granito<br \/>\n\u00b7 Opci\u00f3n adicional: Candado<\/p>\n<p>El Neptuno se puede proporcionar con su logotipo. P\u00f3ngase en contacto con nosotros para conocer la cantidad m\u00ednima de pedido.<\/p>\n","protected":false},"excerpt":{"rendered":"<p>La estaci\u00f3n de lavado de manos &#8220;Neptune&#8221; tiene un dise\u00f1o hermoso y elegante y, al igual que el tipo &#8220;Obbe&#8221;, cabe en todos los ba\u00f1os port\u00e1tiles.<\/p>\n<p>&nbsp;<\/p>\n","protected":false},"featured_media":16386,"comment_status":"open","ping_status":"closed","template":"","meta":{"_monsterinsights_skip_tracking":false,"_monsterinsights_sitenote_active":false,"_monsterinsights_sitenote_note":"","_monsterinsights_sitenote_category":0},"product_cat":[1607,284],"product_tag":[],"yoast_head":"<!-- This site is optimized with the Yoast SEO plugin v20.8 - https:\/\/yoast.com\/wordpress\/plugins\/seo\/ -->\n<title>Lavamanos Neptune con lavabo espacioso<\/title>\n<meta name=\"description\" content=\"Lavamanos Neptune con lavabo espacioso cabe en cualquier inodoro port\u00e1til gracias al montaje flexible del lavabo.\" \/>\n<meta name=\"robots\" content=\"index, follow, max-snippet:-1, max-image-preview:large, max-video-preview:-1\" \/>\n<link rel=\"canonical\" href=\"https:\/\/plutourinal.com\/es\/product\/estacion-de-lavamanos-interior-netune\/\" \/>\n<meta property=\"og:locale\" content=\"es_ES\" \/>\n<meta property=\"og:type\" content=\"article\" \/>\n<meta property=\"og:title\" content=\"Lavamanos Neptune con lavabo espacioso\" \/>\n<meta property=\"og:description\" content=\"Lavamanos Neptune con lavabo espacioso cabe en cualquier inodoro port\u00e1til gracias al montaje flexible del lavabo.\" \/>\n<meta property=\"og:url\" content=\"https:\/\/plutourinal.com\/es\/product\/estacion-de-lavamanos-interior-netune\/\" \/>\n<meta property=\"og:site_name\" content=\"Pluto Urinal\" \/>\n<meta property=\"article:modified_time\" content=\"2024-03-17T07:35:47+00:00\" \/>\n<meta property=\"og:image\" content=\"https:\/\/plutourinal.com\/wp-content\/uploads\/2022\/09\/Neptune-hand-wash.jpg\" \/>\n\t<meta property=\"og:image:width\" content=\"600\" \/>\n\t<meta property=\"og:image:height\" content=\"600\" \/>\n\t<meta property=\"og:image:type\" content=\"image\/jpeg\" \/>\n<meta name=\"twitter:card\" content=\"summary_large_image\" \/>\n<meta name=\"twitter:label1\" content=\"Tiempo de lectura\" \/>\n\t<meta name=\"twitter:data1\" content=\"1 minuto\" \/>\n<script type=\"application\/ld+json\" class=\"yoast-schema-graph\">{\"@context\":\"https:\/\/schema.org\",\"@graph\":[{\"@type\":\"WebPage\",\"@id\":\"https:\/\/plutourinal.com\/es\/product\/estacion-de-lavamanos-interior-netune\/\",\"url\":\"https:\/\/plutourinal.com\/es\/product\/estacion-de-lavamanos-interior-netune\/\",\"name\":\"Lavamanos Neptune con lavabo espacioso\",\"isPartOf\":{\"@id\":\"https:\/\/plutourinal.com\/es\/#website\"},\"datePublished\":\"2022-09-23T13:29:49+00:00\",\"dateModified\":\"2024-03-17T07:35:47+00:00\",\"description\":\"Lavamanos Neptune con lavabo espacioso cabe en cualquier inodoro port\u00e1til gracias al montaje flexible del lavabo.\",\"breadcrumb\":{\"@id\":\"https:\/\/plutourinal.com\/es\/product\/estacion-de-lavamanos-interior-netune\/#breadcrumb\"},\"inLanguage\":\"es\",\"potentialAction\":[{\"@type\":\"ReadAction\",\"target\":[\"https:\/\/plutourinal.com\/es\/product\/estacion-de-lavamanos-interior-netune\/\"]}]},{\"@type\":\"BreadcrumbList\",\"@id\":\"https:\/\/plutourinal.com\/es\/product\/estacion-de-lavamanos-interior-netune\/#breadcrumb\",\"itemListElement\":[{\"@type\":\"ListItem\",\"position\":1,\"name\":\"Home\",\"item\":\"https:\/\/plutourinal.com\/es\/\"},{\"@type\":\"ListItem\",\"position\":2,\"name\":\"Tienda\",\"item\":\"https:\/\/plutourinal.com\/es\/tienda\/\"},{\"@type\":\"ListItem\",\"position\":3,\"name\":\"Estaci\u00f3n de lavamanos interior Neptune\"}]},{\"@type\":\"WebSite\",\"@id\":\"https:\/\/plutourinal.com\/es\/#website\",\"url\":\"https:\/\/plutourinal.com\/es\/\",\"name\":\"Pluto Urinal\",\"description\":\"Add Capacity and Reduce Lines\",\"potentialAction\":[{\"@type\":\"SearchAction\",\"target\":{\"@type\":\"EntryPoint\",\"urlTemplate\":\"https:\/\/plutourinal.com\/es\/?s={search_term_string}\"},\"query-input\":\"required name=search_term_string\"}],\"inLanguage\":\"es\"}]}<\/script>\n<!-- \/ Yoast SEO plugin. -->","yoast_head_json":{"title":"Lavamanos Neptune con lavabo espacioso","description":"Lavamanos Neptune con lavabo espacioso cabe en cualquier inodoro port\u00e1til gracias al montaje flexible del lavabo.","robots":{"index":"index","follow":"follow","max-snippet":"max-snippet:-1","max-image-preview":"max-image-preview:large","max-video-preview":"max-video-preview:-1"},"canonical":"https:\/\/plutourinal.com\/es\/product\/estacion-de-lavamanos-interior-netune\/","og_locale":"es_ES","og_type":"article","og_title":"Lavamanos Neptune con lavabo espacioso","og_description":"Lavamanos Neptune con lavabo espacioso cabe en cualquier inodoro port\u00e1til gracias al montaje flexible del lavabo.","og_url":"https:\/\/plutourinal.com\/es\/product\/estacion-de-lavamanos-interior-netune\/","og_site_name":"Pluto Urinal","article_modified_time":"2024-03-17T07:35:47+00:00","og_image":[{"width":600,"height":600,"url":"https:\/\/plutourinal.com\/wp-content\/uploads\/2022\/09\/Neptune-hand-wash.jpg","type":"image\/jpeg"}],"twitter_card":"summary_large_image","twitter_misc":{"Tiempo de lectura":"1 minuto"},"schema":{"@context":"https:\/\/schema.org","@graph":[{"@type":"WebPage","@id":"https:\/\/plutourinal.com\/es\/product\/estacion-de-lavamanos-interior-netune\/","url":"https:\/\/plutourinal.com\/es\/product\/estacion-de-lavamanos-interior-netune\/","name":"Lavamanos Neptune con lavabo espacioso","isPartOf":{"@id":"https:\/\/plutourinal.com\/es\/#website"},"datePublished":"2022-09-23T13:29:49+00:00","dateModified":"2024-03-17T07:35:47+00:00","description":"Lavamanos Neptune con lavabo espacioso cabe en cualquier inodoro port\u00e1til gracias al montaje flexible del lavabo.","breadcrumb":{"@id":"https:\/\/plutourinal.com\/es\/product\/estacion-de-lavamanos-interior-netune\/#breadcrumb"},"inLanguage":"es","potentialAction":[{"@type":"ReadAction","target":["https:\/\/plutourinal.com\/es\/product\/estacion-de-lavamanos-interior-netune\/"]}]},{"@type":"BreadcrumbList","@id":"https:\/\/plutourinal.com\/es\/product\/estacion-de-lavamanos-interior-netune\/#breadcrumb","itemListElement":[{"@type":"ListItem","position":1,"name":"Home","item":"https:\/\/plutourinal.com\/es\/"},{"@type":"ListItem","position":2,"name":"Tienda","item":"https:\/\/plutourinal.com\/es\/tienda\/"},{"@type":"ListItem","position":3,"name":"Estaci\u00f3n de lavamanos interior Neptune"}]},{"@type":"WebSite","@id":"https:\/\/plutourinal.com\/es\/#website","url":"https:\/\/plutourinal.com\/es\/","name":"Pluto Urinal","description":"Add Capacity and Reduce Lines","potentialAction":[{"@type":"SearchAction","target":{"@type":"EntryPoint","urlTemplate":"https:\/\/plutourinal.com\/es\/?s={search_term_string}"},"query-input":"required name=search_term_string"}],"inLanguage":"es"}]}},"_links":{"self":[{"href":"https:\/\/plutourinal.com\/es\/wp-json\/wp\/v2\/product\/16393"}],"collection":[{"href":"https:\/\/plutourinal.com\/es\/wp-json\/wp\/v2\/product"}],"about":[{"href":"https:\/\/plutourinal.com\/es\/wp-json\/wp\/v2\/types\/product"}],"replies":[{"embeddable":true,"href":"https:\/\/plutourinal.com\/es\/wp-json\/wp\/v2\/comments?post=16393"}],"wp:featuredmedia":[{"embeddable":true,"href":"https:\/\/plutourinal.com\/es\/wp-json\/wp\/v2\/media\/16386"}],"wp:attachment":[{"href":"https:\/\/plutourinal.com\/es\/wp-json\/wp\/v2\/media?parent=16393"}],"wp:term":[{"taxonomy":"product_cat","embeddable":true,"href":"https:\/\/plutourinal.com\/es\/wp-json\/wp\/v2\/product_cat?post=16393"},{"taxonomy":"product_tag","embeddable":true,"href":"https:\/\/plutourinal.com\/es\/wp-json\/wp\/v2\/product_tag?post=16393"}],"curies":[{"name":"wp","href":"https:\/\/api.w.org\/{rel}","templated":true}]}}