{"id":16319,"date":"2020-08-03T09:09:48","date_gmt":"2020-08-03T09:13:00","guid":{"rendered":"https:\/\/plutourinal.com\/?post_type=product&#038;p=16319"},"modified":"2021-04-27T16:57:37","modified_gmt":"2021-04-27T16:57:37","slug":"estacion-de-lavamanos-doble-hera-3","status":"publish","type":"product","link":"https:\/\/plutourinal.com\/es\/product\/estacion-de-lavamanos-doble-hera-3\/","title":{"rendered":"Estaci\u00f3n de lavamanos doble Hera 3"},"content":{"rendered":"<p><em><strong>Estaci\u00f3n de lavamanos doble<br \/>\n<\/strong><\/em><\/p>\n<p>El Hera3 es, al igual que sus hermanas, una estaci\u00f3n de lavamanos para 2 personas, ideal para usar en los festivales y eventos.<br \/>\nExiste la posibilidad de montar cualquier jab\u00f3n o papel dispensador.<\/p>\n<p>Especificaciones:<br \/>\n\u2022 Altura: 1.350 mm<br \/>\n\u2022 Anchura: 998 mm<br \/>\n\u2022 Longitud: 575 mm<br \/>\n\u2022 Peso: 35 kg<br \/>\n\u2022 Capacidad de agua dulce: 100 litros<br \/>\n\u2022 Capacidad de aguas residuales: 110 litros<br \/>\n\u2022 Disponible en: Granito, azul, verde<img decoding=\"async\" loading=\"lazy\" class=\"alignright size-full wp-image-3408\" src=\"http:\/\/atlastoilets.com\/wp-content\/uploads\/2016\/03\/LOGO-hera2-handwash.jpg\" alt=\"logo hera2\" width=\"227\" height=\"100\" srcset=\"https:\/\/plutourinal.com\/wp-content\/uploads\/2016\/03\/LOGO-hera2-handwash.jpg 227w, https:\/\/plutourinal.com\/wp-content\/uploads\/2016\/03\/LOGO-hera2-handwash-150x66.jpg 150w, https:\/\/plutourinal.com\/wp-content\/uploads\/2016\/03\/LOGO-hera2-handwash-200x88.jpg 200w\" sizes=\"(max-width: 227px) 100vw, 227px\" \/><\/p>\n<p>La Hera est\u00e1 equipado de forma est\u00e1ndar con:<br \/>\n\u2022 tapa desmontable<br \/>\n\u2022 2 <a href=\"https:\/\/atlastoilets.com\/es\/product\/bomba-de-pie-de-whale\/\">bombas de pie de Whale<\/a><br \/>\n\u2022 lavabo grande<br \/>\n\u2022 Asas para la implementaci\u00f3n m\u00e1s f\u00e1cil<\/p>\n<p><strong><span class=\"tlid-translation translation\" lang=\"es\"><span class=\"\" title=\"\">PARA COMPARAR NUESTRAS TRES UNIDADES DE LAVADO DE MANOS HERA<\/span><\/span><\/strong><\/p>\n<table>\n<tbody>\n<tr>\n<td><\/td>\n<td><strong>Hera 1<\/strong><\/td>\n<td><strong>Hera 2<\/strong><\/td>\n<td><strong>Hera 3<\/strong><\/td>\n<\/tr>\n<tr>\n<td>Medidas (AxAxL)<\/td>\n<td>1280x600x1370mm<\/td>\n<td>720x520x1290mm<\/td>\n<td>998x575x1350MM<\/td>\n<\/tr>\n<tr>\n<td>Peso<\/td>\n<td>47<\/td>\n<td>40<\/td>\n<td>35<\/td>\n<\/tr>\n<tr>\n<td>Capacidad de agua dulcer<\/td>\n<td>162<\/td>\n<td>75<\/td>\n<td>100<\/td>\n<\/tr>\n<tr>\n<td>Capacidad de aguas residuales<\/td>\n<td>178<\/td>\n<td>85<\/td>\n<td>110<\/td>\n<\/tr>\n<\/tbody>\n<\/table>\n<p>&nbsp;<\/p>\n","protected":false},"excerpt":{"rendered":"<p><em><strong>Estaci\u00f3n de lavamanos doble (<span class=\"tlid-translation translation\" lang=\"es\"><span class=\"\" title=\"\">env\u00edo dentro de 48 horas)<\/span><\/span><\/strong><\/em><br \/>\n<a href=\"http:\/\/atlastoilets.com\/wp-content\/uploads\/2016\/03\/LOGO-hera2-handwash.jpg\"><img decoding=\"async\" loading=\"lazy\" class=\"alignright size-full wp-image-3408\" src=\"http:\/\/atlastoilets.com\/wp-content\/uploads\/2016\/03\/LOGO-hera2-handwash.jpg\" alt=\"logo hera2\" width=\"227\" height=\"100\" srcset=\"https:\/\/plutourinal.com\/wp-content\/uploads\/2016\/03\/LOGO-hera2-handwash.jpg 227w, https:\/\/plutourinal.com\/wp-content\/uploads\/2016\/03\/LOGO-hera2-handwash-150x66.jpg 150w, https:\/\/plutourinal.com\/wp-content\/uploads\/2016\/03\/LOGO-hera2-handwash-200x88.jpg 200w\" sizes=\"(max-width: 227px) 100vw, 227px\" \/><\/a><br \/>\nEl Hera 3 es, al igual que sus hermanas, una estaci\u00f3n de lavamanos para 2 personas, ideal para usar en los festivales y eventos.<br \/>\nExiste la posibilidad de montar cualquier jab\u00f3n o papel dispensador.<\/p>\n","protected":false},"featured_media":16308,"comment_status":"open","ping_status":"closed","template":"","meta":{"_monsterinsights_skip_tracking":false,"_monsterinsights_sitenote_active":false,"_monsterinsights_sitenote_note":"","_monsterinsights_sitenote_category":0},"product_cat":[1607,285],"product_tag":[],"yoast_head":"<!-- This site is optimized with the Yoast SEO plugin v20.8 - https:\/\/yoast.com\/wordpress\/plugins\/seo\/ -->\n<title>Estaci\u00f3n de lavamanos doble Hera 3 - Pluto Urinal<\/title>\n<meta name=\"description\" content=\"Estaci\u00f3n de lavamanos doble compacta (env\u00edo dentro de 48 horas) El Hera 3 es, al igual que sus hermanas, una estaci\u00f3n de lavamanos para 2 personas,\" \/>\n<meta name=\"robots\" content=\"index, follow, max-snippet:-1, max-image-preview:large, max-video-preview:-1\" \/>\n<link rel=\"canonical\" href=\"https:\/\/plutourinal.com\/es\/product\/estacion-de-lavamanos-doble-hera-3\/\" \/>\n<meta property=\"og:locale\" content=\"es_ES\" \/>\n<meta property=\"og:type\" content=\"article\" \/>\n<meta property=\"og:title\" content=\"Estaci\u00f3n de lavamanos doble Hera 3 - Pluto Urinal\" \/>\n<meta property=\"og:description\" content=\"Estaci\u00f3n de lavamanos doble compacta (env\u00edo dentro de 48 horas) El Hera 3 es, al igual que sus hermanas, una estaci\u00f3n de lavamanos para 2 personas,\" \/>\n<meta property=\"og:url\" content=\"https:\/\/plutourinal.com\/es\/product\/estacion-de-lavamanos-doble-hera-3\/\" \/>\n<meta property=\"og:site_name\" content=\"Pluto Urinal\" \/>\n<meta property=\"article:modified_time\" content=\"2021-04-27T16:57:37+00:00\" \/>\n<meta property=\"og:image\" content=\"https:\/\/plutourinal.com\/wp-content\/uploads\/2020\/08\/handwash-station-hera-3.jpg\" \/>\n\t<meta property=\"og:image:width\" content=\"600\" \/>\n\t<meta property=\"og:image:height\" content=\"600\" \/>\n\t<meta property=\"og:image:type\" content=\"image\/jpeg\" \/>\n<meta name=\"twitter:card\" content=\"summary_large_image\" \/>\n<meta name=\"twitter:label1\" content=\"Tiempo de lectura\" \/>\n\t<meta name=\"twitter:data1\" content=\"1 minuto\" \/>\n<script type=\"application\/ld+json\" class=\"yoast-schema-graph\">{\"@context\":\"https:\/\/schema.org\",\"@graph\":[{\"@type\":\"WebPage\",\"@id\":\"https:\/\/plutourinal.com\/es\/product\/estacion-de-lavamanos-doble-hera-3\/\",\"url\":\"https:\/\/plutourinal.com\/es\/product\/estacion-de-lavamanos-doble-hera-3\/\",\"name\":\"Estaci\u00f3n de lavamanos doble Hera 3 - Pluto Urinal\",\"isPartOf\":{\"@id\":\"https:\/\/plutourinal.com\/es\/#website\"},\"datePublished\":\"2020-08-03T09:13:00+00:00\",\"dateModified\":\"2021-04-27T16:57:37+00:00\",\"description\":\"Estaci\u00f3n de lavamanos doble compacta (env\u00edo dentro de 48 horas) El Hera 3 es, al igual que sus hermanas, una estaci\u00f3n de lavamanos para 2 personas,\",\"breadcrumb\":{\"@id\":\"https:\/\/plutourinal.com\/es\/product\/estacion-de-lavamanos-doble-hera-3\/#breadcrumb\"},\"inLanguage\":\"es\",\"potentialAction\":[{\"@type\":\"ReadAction\",\"target\":[\"https:\/\/plutourinal.com\/es\/product\/estacion-de-lavamanos-doble-hera-3\/\"]}]},{\"@type\":\"BreadcrumbList\",\"@id\":\"https:\/\/plutourinal.com\/es\/product\/estacion-de-lavamanos-doble-hera-3\/#breadcrumb\",\"itemListElement\":[{\"@type\":\"ListItem\",\"position\":1,\"name\":\"Home\",\"item\":\"https:\/\/plutourinal.com\/es\/\"},{\"@type\":\"ListItem\",\"position\":2,\"name\":\"Tienda\",\"item\":\"https:\/\/plutourinal.com\/es\/tienda\/\"},{\"@type\":\"ListItem\",\"position\":3,\"name\":\"Estaci\u00f3n de lavamanos doble Hera 3\"}]},{\"@type\":\"WebSite\",\"@id\":\"https:\/\/plutourinal.com\/es\/#website\",\"url\":\"https:\/\/plutourinal.com\/es\/\",\"name\":\"Pluto Urinal\",\"description\":\"Add Capacity and Reduce Lines\",\"potentialAction\":[{\"@type\":\"SearchAction\",\"target\":{\"@type\":\"EntryPoint\",\"urlTemplate\":\"https:\/\/plutourinal.com\/es\/?s={search_term_string}\"},\"query-input\":\"required name=search_term_string\"}],\"inLanguage\":\"es\"}]}<\/script>\n<!-- \/ Yoast SEO plugin. -->","yoast_head_json":{"title":"Estaci\u00f3n de lavamanos doble Hera 3 - Pluto Urinal","description":"Estaci\u00f3n de lavamanos doble compacta (env\u00edo dentro de 48 horas) El Hera 3 es, al igual que sus hermanas, una estaci\u00f3n de lavamanos para 2 personas,","robots":{"index":"index","follow":"follow","max-snippet":"max-snippet:-1","max-image-preview":"max-image-preview:large","max-video-preview":"max-video-preview:-1"},"canonical":"https:\/\/plutourinal.com\/es\/product\/estacion-de-lavamanos-doble-hera-3\/","og_locale":"es_ES","og_type":"article","og_title":"Estaci\u00f3n de lavamanos doble Hera 3 - Pluto Urinal","og_description":"Estaci\u00f3n de lavamanos doble compacta (env\u00edo dentro de 48 horas) El Hera 3 es, al igual que sus hermanas, una estaci\u00f3n de lavamanos para 2 personas,","og_url":"https:\/\/plutourinal.com\/es\/product\/estacion-de-lavamanos-doble-hera-3\/","og_site_name":"Pluto Urinal","article_modified_time":"2021-04-27T16:57:37+00:00","og_image":[{"width":600,"height":600,"url":"https:\/\/plutourinal.com\/wp-content\/uploads\/2020\/08\/handwash-station-hera-3.jpg","type":"image\/jpeg"}],"twitter_card":"summary_large_image","twitter_misc":{"Tiempo de lectura":"1 minuto"},"schema":{"@context":"https:\/\/schema.org","@graph":[{"@type":"WebPage","@id":"https:\/\/plutourinal.com\/es\/product\/estacion-de-lavamanos-doble-hera-3\/","url":"https:\/\/plutourinal.com\/es\/product\/estacion-de-lavamanos-doble-hera-3\/","name":"Estaci\u00f3n de lavamanos doble Hera 3 - Pluto Urinal","isPartOf":{"@id":"https:\/\/plutourinal.com\/es\/#website"},"datePublished":"2020-08-03T09:13:00+00:00","dateModified":"2021-04-27T16:57:37+00:00","description":"Estaci\u00f3n de lavamanos doble compacta (env\u00edo dentro de 48 horas) El Hera 3 es, al igual que sus hermanas, una estaci\u00f3n de lavamanos para 2 personas,","breadcrumb":{"@id":"https:\/\/plutourinal.com\/es\/product\/estacion-de-lavamanos-doble-hera-3\/#breadcrumb"},"inLanguage":"es","potentialAction":[{"@type":"ReadAction","target":["https:\/\/plutourinal.com\/es\/product\/estacion-de-lavamanos-doble-hera-3\/"]}]},{"@type":"BreadcrumbList","@id":"https:\/\/plutourinal.com\/es\/product\/estacion-de-lavamanos-doble-hera-3\/#breadcrumb","itemListElement":[{"@type":"ListItem","position":1,"name":"Home","item":"https:\/\/plutourinal.com\/es\/"},{"@type":"ListItem","position":2,"name":"Tienda","item":"https:\/\/plutourinal.com\/es\/tienda\/"},{"@type":"ListItem","position":3,"name":"Estaci\u00f3n de lavamanos doble Hera 3"}]},{"@type":"WebSite","@id":"https:\/\/plutourinal.com\/es\/#website","url":"https:\/\/plutourinal.com\/es\/","name":"Pluto Urinal","description":"Add Capacity and Reduce Lines","potentialAction":[{"@type":"SearchAction","target":{"@type":"EntryPoint","urlTemplate":"https:\/\/plutourinal.com\/es\/?s={search_term_string}"},"query-input":"required name=search_term_string"}],"inLanguage":"es"}]}},"_links":{"self":[{"href":"https:\/\/plutourinal.com\/es\/wp-json\/wp\/v2\/product\/16319"}],"collection":[{"href":"https:\/\/plutourinal.com\/es\/wp-json\/wp\/v2\/product"}],"about":[{"href":"https:\/\/plutourinal.com\/es\/wp-json\/wp\/v2\/types\/product"}],"replies":[{"embeddable":true,"href":"https:\/\/plutourinal.com\/es\/wp-json\/wp\/v2\/comments?post=16319"}],"wp:featuredmedia":[{"embeddable":true,"href":"https:\/\/plutourinal.com\/es\/wp-json\/wp\/v2\/media\/16308"}],"wp:attachment":[{"href":"https:\/\/plutourinal.com\/es\/wp-json\/wp\/v2\/media?parent=16319"}],"wp:term":[{"taxonomy":"product_cat","embeddable":true,"href":"https:\/\/plutourinal.com\/es\/wp-json\/wp\/v2\/product_cat?post=16319"},{"taxonomy":"product_tag","embeddable":true,"href":"https:\/\/plutourinal.com\/es\/wp-json\/wp\/v2\/product_tag?post=16319"}],"curies":[{"name":"wp","href":"https:\/\/api.w.org\/{rel}","templated":true}]}}