{"id":16286,"date":"2020-03-13T08:07:54","date_gmt":"2020-03-13T08:07:54","guid":{"rendered":"https:\/\/plutourinal.com\/product\/semi-permanent-urinal\/"},"modified":"2021-09-08T07:40:02","modified_gmt":"2021-09-08T07:40:02","slug":"urinario-semi-permanente","status":"publish","type":"product","link":"https:\/\/plutourinal.com\/es\/product\/urinario-semi-permanente\/","title":{"rendered":"Pluto Plus Urinal"},"content":{"rendered":"<p>El urinariio semi permanente Pluto Plus &#x2122;, una verdadera adici\u00f3n para cada compa\u00f1\u00eda de alquiler de ba\u00f1os, neuvo en 2020.<br \/>\nEl Pluto Plus viene con un ojo de elevaci\u00f3n para facilitar la carga y descarga en el evento y su almac\u00e9n.<br \/>\nEl amplio piso tiene un relieve para una posici\u00f3n segura. Las ranuras de la horquilla tambi\u00e9n son adecuadas para camiones bomba.<br \/>\nEl urinario independiente es adecuado como urinario para eventos especiales y tambi\u00e9n como urinario de la calle para su uso en los centros de las ciudades.<\/p>\n<p>Especificaciones:<\/p>\n<p>Altura: 2120 mm.<br \/>\nAncho: 1150 mm.<br \/>\nProfundidad: 1150 mm.<br \/>\nPeso: 95 kilogramos<br \/>\nCapacidad: 405 litros<br \/>\nDesag\u00fce de 1 \u00bc de pulgada<br \/>\nDisponible en varios colores.<\/p>\n<p>El Pluto Plus viene con:<\/p>\n<ul>\n<li>Ojo de elevaci\u00f3n<\/li>\n<li>Ranuras para montacargas<\/li>\n<li>Base separada<\/li>\n<\/ul>\n<p>&nbsp;<\/p>\n","protected":false},"excerpt":{"rendered":"<p>El urinario Pluto Plus &#x2122;, una verdadera adici\u00f3n para cada compa\u00f1\u00eda de alquiler de ba\u00f1os que se presentar\u00e1 en el Eurotoi 2020 en Alemania.<br \/>\nEl Pluto Plus viene con un ojo de elevaci\u00f3n para facilitar la carga y descarga en el evento y su almac\u00e9n.<br \/>\nEl amplio piso tiene un relieve para una posici\u00f3n segura. Las ranuras de la horquilla tambi\u00e9n son adecuadas para camiones bomba.<\/p>\n","protected":false},"featured_media":16266,"comment_status":"open","ping_status":"closed","template":"","meta":{"_monsterinsights_skip_tracking":false,"_monsterinsights_sitenote_active":false,"_monsterinsights_sitenote_note":"","_monsterinsights_sitenote_category":0},"product_cat":[288],"product_tag":[],"yoast_head":"<!-- This site is optimized with the Yoast SEO plugin v20.8 - https:\/\/yoast.com\/wordpress\/plugins\/seo\/ -->\n<title>urinario semi permanente Pluto Plus, para los centros de las ciudades<\/title>\n<meta name=\"description\" content=\"El urinariio semi permanente Pluto Plus, para uso en los centros de las ciudades\" \/>\n<meta name=\"robots\" content=\"index, follow, max-snippet:-1, max-image-preview:large, max-video-preview:-1\" \/>\n<link rel=\"canonical\" href=\"https:\/\/plutourinal.com\/es\/product\/urinario-semi-permanente\/\" \/>\n<meta property=\"og:locale\" content=\"es_ES\" \/>\n<meta property=\"og:type\" content=\"article\" \/>\n<meta property=\"og:title\" content=\"urinario semi permanente Pluto Plus, para los centros de las ciudades\" \/>\n<meta property=\"og:description\" content=\"El urinariio semi permanente Pluto Plus, para uso en los centros de las ciudades\" \/>\n<meta property=\"og:url\" content=\"https:\/\/plutourinal.com\/es\/product\/urinario-semi-permanente\/\" \/>\n<meta property=\"og:site_name\" content=\"Pluto Urinal\" \/>\n<meta property=\"article:modified_time\" content=\"2021-09-08T07:40:02+00:00\" \/>\n<meta property=\"og:image\" content=\"https:\/\/plutourinal.com\/wp-content\/uploads\/2020\/03\/Vooraanzicht-grijs.jpg\" \/>\n\t<meta property=\"og:image:width\" content=\"600\" \/>\n\t<meta property=\"og:image:height\" content=\"600\" \/>\n\t<meta property=\"og:image:type\" content=\"image\/jpeg\" \/>\n<meta name=\"twitter:card\" content=\"summary_large_image\" \/>\n<meta name=\"twitter:label1\" content=\"Tiempo de lectura\" \/>\n\t<meta name=\"twitter:data1\" content=\"1 minuto\" \/>\n<script type=\"application\/ld+json\" class=\"yoast-schema-graph\">{\"@context\":\"https:\/\/schema.org\",\"@graph\":[{\"@type\":\"WebPage\",\"@id\":\"https:\/\/plutourinal.com\/es\/product\/urinario-semi-permanente\/\",\"url\":\"https:\/\/plutourinal.com\/es\/product\/urinario-semi-permanente\/\",\"name\":\"urinario semi permanente Pluto Plus, para los centros de las ciudades\",\"isPartOf\":{\"@id\":\"https:\/\/plutourinal.com\/es\/#website\"},\"datePublished\":\"2020-03-13T08:07:54+00:00\",\"dateModified\":\"2021-09-08T07:40:02+00:00\",\"description\":\"El urinariio semi permanente Pluto Plus, para uso en los centros de las ciudades\",\"breadcrumb\":{\"@id\":\"https:\/\/plutourinal.com\/es\/product\/urinario-semi-permanente\/#breadcrumb\"},\"inLanguage\":\"es\",\"potentialAction\":[{\"@type\":\"ReadAction\",\"target\":[\"https:\/\/plutourinal.com\/es\/product\/urinario-semi-permanente\/\"]}]},{\"@type\":\"BreadcrumbList\",\"@id\":\"https:\/\/plutourinal.com\/es\/product\/urinario-semi-permanente\/#breadcrumb\",\"itemListElement\":[{\"@type\":\"ListItem\",\"position\":1,\"name\":\"Home\",\"item\":\"https:\/\/plutourinal.com\/es\/\"},{\"@type\":\"ListItem\",\"position\":2,\"name\":\"Tienda\",\"item\":\"https:\/\/plutourinal.com\/es\/tienda\/\"},{\"@type\":\"ListItem\",\"position\":3,\"name\":\"Pluto Plus Urinal\"}]},{\"@type\":\"WebSite\",\"@id\":\"https:\/\/plutourinal.com\/es\/#website\",\"url\":\"https:\/\/plutourinal.com\/es\/\",\"name\":\"Pluto Urinal\",\"description\":\"Add Capacity and Reduce Lines\",\"potentialAction\":[{\"@type\":\"SearchAction\",\"target\":{\"@type\":\"EntryPoint\",\"urlTemplate\":\"https:\/\/plutourinal.com\/es\/?s={search_term_string}\"},\"query-input\":\"required name=search_term_string\"}],\"inLanguage\":\"es\"}]}<\/script>\n<!-- \/ Yoast SEO plugin. -->","yoast_head_json":{"title":"urinario semi permanente Pluto Plus, para los centros de las ciudades","description":"El urinariio semi permanente Pluto Plus, para uso en los centros de las ciudades","robots":{"index":"index","follow":"follow","max-snippet":"max-snippet:-1","max-image-preview":"max-image-preview:large","max-video-preview":"max-video-preview:-1"},"canonical":"https:\/\/plutourinal.com\/es\/product\/urinario-semi-permanente\/","og_locale":"es_ES","og_type":"article","og_title":"urinario semi permanente Pluto Plus, para los centros de las ciudades","og_description":"El urinariio semi permanente Pluto Plus, para uso en los centros de las ciudades","og_url":"https:\/\/plutourinal.com\/es\/product\/urinario-semi-permanente\/","og_site_name":"Pluto Urinal","article_modified_time":"2021-09-08T07:40:02+00:00","og_image":[{"width":600,"height":600,"url":"https:\/\/plutourinal.com\/wp-content\/uploads\/2020\/03\/Vooraanzicht-grijs.jpg","type":"image\/jpeg"}],"twitter_card":"summary_large_image","twitter_misc":{"Tiempo de lectura":"1 minuto"},"schema":{"@context":"https:\/\/schema.org","@graph":[{"@type":"WebPage","@id":"https:\/\/plutourinal.com\/es\/product\/urinario-semi-permanente\/","url":"https:\/\/plutourinal.com\/es\/product\/urinario-semi-permanente\/","name":"urinario semi permanente Pluto Plus, para los centros de las ciudades","isPartOf":{"@id":"https:\/\/plutourinal.com\/es\/#website"},"datePublished":"2020-03-13T08:07:54+00:00","dateModified":"2021-09-08T07:40:02+00:00","description":"El urinariio semi permanente Pluto Plus, para uso en los centros de las ciudades","breadcrumb":{"@id":"https:\/\/plutourinal.com\/es\/product\/urinario-semi-permanente\/#breadcrumb"},"inLanguage":"es","potentialAction":[{"@type":"ReadAction","target":["https:\/\/plutourinal.com\/es\/product\/urinario-semi-permanente\/"]}]},{"@type":"BreadcrumbList","@id":"https:\/\/plutourinal.com\/es\/product\/urinario-semi-permanente\/#breadcrumb","itemListElement":[{"@type":"ListItem","position":1,"name":"Home","item":"https:\/\/plutourinal.com\/es\/"},{"@type":"ListItem","position":2,"name":"Tienda","item":"https:\/\/plutourinal.com\/es\/tienda\/"},{"@type":"ListItem","position":3,"name":"Pluto Plus Urinal"}]},{"@type":"WebSite","@id":"https:\/\/plutourinal.com\/es\/#website","url":"https:\/\/plutourinal.com\/es\/","name":"Pluto Urinal","description":"Add Capacity and Reduce Lines","potentialAction":[{"@type":"SearchAction","target":{"@type":"EntryPoint","urlTemplate":"https:\/\/plutourinal.com\/es\/?s={search_term_string}"},"query-input":"required name=search_term_string"}],"inLanguage":"es"}]}},"_links":{"self":[{"href":"https:\/\/plutourinal.com\/es\/wp-json\/wp\/v2\/product\/16286"}],"collection":[{"href":"https:\/\/plutourinal.com\/es\/wp-json\/wp\/v2\/product"}],"about":[{"href":"https:\/\/plutourinal.com\/es\/wp-json\/wp\/v2\/types\/product"}],"replies":[{"embeddable":true,"href":"https:\/\/plutourinal.com\/es\/wp-json\/wp\/v2\/comments?post=16286"}],"wp:featuredmedia":[{"embeddable":true,"href":"https:\/\/plutourinal.com\/es\/wp-json\/wp\/v2\/media\/16266"}],"wp:attachment":[{"href":"https:\/\/plutourinal.com\/es\/wp-json\/wp\/v2\/media?parent=16286"}],"wp:term":[{"taxonomy":"product_cat","embeddable":true,"href":"https:\/\/plutourinal.com\/es\/wp-json\/wp\/v2\/product_cat?post=16286"},{"taxonomy":"product_tag","embeddable":true,"href":"https:\/\/plutourinal.com\/es\/wp-json\/wp\/v2\/product_tag?post=16286"}],"curies":[{"name":"wp","href":"https:\/\/api.w.org\/{rel}","templated":true}]}}