{"id":2497,"date":"2015-08-19T04:23:47","date_gmt":"2015-08-19T04:23:47","guid":{"rendered":"https:\/\/plutourinal.com\/es\/company-history\/"},"modified":"2015-12-07T13:48:20","modified_gmt":"2015-12-07T13:48:20","slug":"historia-de-la-compania","status":"publish","type":"page","link":"https:\/\/plutourinal.com\/es\/historia-de-la-compania\/","title":{"rendered":"Historia de la Compa\u00f1\u00eda"},"content":{"rendered":"<h4><em>Atlas Sanitation Products &#8211; De Compa\u00f1\u00eda de Alquiler de Proveedor Total<\/em><\/h4>\n<p><a href=\"https:\/\/plutourinal.com\/wp-content\/uploads\/2015\/08\/roparun.jpg\"><img decoding=\"async\" loading=\"lazy\" class=\"alignright size-full wp-image-435\" src=\"https:\/\/plutourinal.com\/wp-content\/uploads\/2015\/08\/roparun.jpg\" alt=\"roparun\" width=\"227\" height=\"340\" srcset=\"https:\/\/plutourinal.com\/wp-content\/uploads\/2015\/08\/roparun.jpg 227w, https:\/\/plutourinal.com\/wp-content\/uploads\/2015\/08\/roparun-100x150.jpg 100w, https:\/\/plutourinal.com\/wp-content\/uploads\/2015\/08\/roparun-200x300.jpg 200w\" sizes=\"(max-width: 227px) 100vw, 227px\" \/><\/a><\/p>\n<p>En 1994 W-tje Toiletservice fue fundada por Nico Walraven y su novia (y actual esposa) Joke ter Wijlen,\u00a0Desde una habitaci\u00f3n en la casa de sus padres\u00a0de Nico la empresa comenz\u00f3 con un peque\u00f1o n\u00famero de ba\u00f1os port\u00e1tiles, el suministro de servicios de saneamiento port\u00e1til para empresas de construcci\u00f3n locales y eventos pr\u00f3ximos, W-tje se convirti\u00f3 en un proveedor de servicios regional conocido.<\/p>\n<p>En dos a\u00f1os la empresa creci\u00f3 de una empresa de alquiler de local a un proveedor de servicio nacional, el mantenimiento de alrededor de 600 unidades de\u00a0la semana, en particular\u00a0colocados en sitios de construcci\u00f3n. La fama nacional dio lugar a solicitudes de suministro de servicios de saneamiento port\u00e1tiles a eventos nacionales como el concierto mundial de la libertad en Arnhem en 1995, conciertos en estadios de bandas como Guns &#8216;n Roses y Pink Floyd y conciertos al aire libre de Brian Adams y Parkpop, el m\u00e1s grande d\u00eda libre del festival de carga en Europa.<br \/>\nLa compa\u00f1\u00eda tambi\u00e9n ha contribuido a la caridad. Desde 1995 se ha suministrado instalaciones sanitarias port\u00e1tiles durante el Roparun, una carrera de relevos de aprox. 520 kil\u00f3metros de Rotterdam a Par\u00eds, para recaudar dinero para las v\u00edctimas de c\u00e1ncer.<\/p>\n<p>W-tje Toiletservice coloc\u00f3 un gran n\u00famero de sanitarios en la salida y la llegada, y tambi\u00e9n en los puestos de control. Como el evento creci\u00f3, tambi\u00e9n lo hizo el n\u00famero de inodoros durante este evento de cuatro d\u00edas, frente Toiletservice W-tje con la log\u00edstica desafiantes.<br \/>\nEn 1997 Nico pidi\u00f3 a su amigo desde la guarder\u00eda Johan para unirse a la compa\u00f1\u00eda. Johan, en ese momento un gerente de atenci\u00f3n al cliente, sustituy\u00f3 la esposa de Nico como director general. En los a\u00f1os siguientes la compa\u00f1\u00eda creci\u00f3 hasta aprox. 1300, aseos con servicios semanales, con un equipo de 20 empleados durante la temporada de verano. A principios de 2000, la empresa de alquiler se vendi\u00f3 y Nico y Johan continu\u00f3 su colaboraci\u00f3n en ATLAS BV Saneamiento port\u00e1til, importaci\u00f3n y exportaci\u00f3n de los inodoros, urinarios, partes y aditivos de tocador de maquillaje preferido de su empresa de alquiler, Walex.<\/p>\n<p>Desde 2000, el ATLAS ha crecido de manera constante, ya que emplea un total de tiempo de 4 personas del personal y un n\u00famero de empleados temporales durante la temporada alta. Cada vez m\u00e1s empresas han encontrado ATLAS como uno de sus principales proveedores con una base de clientes en casi todos los pa\u00edses europeos, as\u00ed como en los EE.UU., Canad\u00e1, Am\u00e9rica Latina y Asia.<\/p>\n<p>No. 1 prioridad de ATLAS es la satisfacci\u00f3n del cliente, dedicando nuestra experiencia para el suministro de productos de alta calidad a precios competitivos. Esperamos que nuestro disfrute trabajo se sumar\u00e1 a la suya y estamos con ganas de estar de servicio en los pr\u00f3ximos a\u00f1os.<\/p>\n<p>&nbsp;<\/p>\n<p><a href=\"https:\/\/plutourinal.com\/wp-content\/uploads\/2015\/08\/Atlas-Sanitation-Products-Staff1.jpg\"><img decoding=\"async\" loading=\"lazy\" class=\"alignnone size-full wp-image-433\" src=\"https:\/\/plutourinal.com\/wp-content\/uploads\/2015\/08\/Atlas-Sanitation-Products-Staff1.jpg\" alt=\"Atlas staff\" width=\"720\" height=\"285\" \/><\/a><\/p>\n","protected":false},"excerpt":{"rendered":"<p>Atlas Sanitation Products &#8211; De Compa\u00f1\u00eda de Alquiler de Proveedor Total En 1994 W-tje Toiletservice fue fundada por Nico Walraven y su novia (y actual esposa) Joke ter Wijlen,\u00a0Desde una habitaci\u00f3n en la casa de sus padres\u00a0de Nico la empresa comenz\u00f3 con un peque\u00f1o n\u00famero de ba\u00f1os port\u00e1tiles, el suministro de servicios de saneamiento port\u00e1til&hellip;<\/p>\n","protected":false},"author":1,"featured_media":0,"parent":0,"menu_order":0,"comment_status":"open","ping_status":"open","template":"","meta":{"_monsterinsights_skip_tracking":false,"_monsterinsights_sitenote_active":false,"_monsterinsights_sitenote_note":"","_monsterinsights_sitenote_category":0},"yoast_head":"<!-- This site is optimized with the Yoast SEO plugin v20.8 - https:\/\/yoast.com\/wordpress\/plugins\/seo\/ -->\n<title>About Atlas Sanitation Products B.V.<\/title>\n<meta name=\"description\" content=\"About Atlas Sanitation Products B.V., total supplier to toilet rental companies worldwide\" \/>\n<meta name=\"robots\" content=\"index, follow, max-snippet:-1, max-image-preview:large, max-video-preview:-1\" \/>\n<link rel=\"canonical\" href=\"https:\/\/plutourinal.com\/es\/historia-de-la-compania\/\" \/>\n<meta property=\"og:locale\" content=\"es_ES\" \/>\n<meta property=\"og:type\" content=\"article\" \/>\n<meta property=\"og:title\" content=\"About Atlas Sanitation Products B.V.\" \/>\n<meta property=\"og:description\" content=\"About Atlas Sanitation Products B.V., total supplier to toilet rental companies worldwide\" \/>\n<meta property=\"og:url\" content=\"https:\/\/plutourinal.com\/es\/historia-de-la-compania\/\" \/>\n<meta property=\"og:site_name\" content=\"Pluto Urinal\" \/>\n<meta property=\"article:modified_time\" content=\"2015-12-07T13:48:20+00:00\" \/>\n<meta property=\"og:image\" content=\"https:\/\/plutourinal.com\/wp-content\/uploads\/2015\/08\/roparun.jpg\" \/>\n<meta name=\"twitter:card\" content=\"summary_large_image\" \/>\n<meta name=\"twitter:label1\" content=\"Tiempo de lectura\" \/>\n\t<meta name=\"twitter:data1\" content=\"3 minutos\" \/>\n<script type=\"application\/ld+json\" class=\"yoast-schema-graph\">{\"@context\":\"https:\/\/schema.org\",\"@graph\":[{\"@type\":\"WebPage\",\"@id\":\"https:\/\/plutourinal.com\/es\/historia-de-la-compania\/\",\"url\":\"https:\/\/plutourinal.com\/es\/historia-de-la-compania\/\",\"name\":\"About Atlas Sanitation Products B.V.\",\"isPartOf\":{\"@id\":\"https:\/\/plutourinal.com\/es\/#website\"},\"datePublished\":\"2015-08-19T04:23:47+00:00\",\"dateModified\":\"2015-12-07T13:48:20+00:00\",\"description\":\"About Atlas Sanitation Products B.V., total supplier to toilet rental companies worldwide\",\"breadcrumb\":{\"@id\":\"https:\/\/plutourinal.com\/es\/historia-de-la-compania\/#breadcrumb\"},\"inLanguage\":\"es\",\"potentialAction\":[{\"@type\":\"ReadAction\",\"target\":[\"https:\/\/plutourinal.com\/es\/historia-de-la-compania\/\"]}]},{\"@type\":\"BreadcrumbList\",\"@id\":\"https:\/\/plutourinal.com\/es\/historia-de-la-compania\/#breadcrumb\",\"itemListElement\":[{\"@type\":\"ListItem\",\"position\":1,\"name\":\"Home\",\"item\":\"https:\/\/plutourinal.com\/es\/\"},{\"@type\":\"ListItem\",\"position\":2,\"name\":\"Historia de la Compa\u00f1\u00eda\"}]},{\"@type\":\"WebSite\",\"@id\":\"https:\/\/plutourinal.com\/es\/#website\",\"url\":\"https:\/\/plutourinal.com\/es\/\",\"name\":\"Pluto Urinal\",\"description\":\"Add Capacity and Reduce Lines\",\"potentialAction\":[{\"@type\":\"SearchAction\",\"target\":{\"@type\":\"EntryPoint\",\"urlTemplate\":\"https:\/\/plutourinal.com\/es\/?s={search_term_string}\"},\"query-input\":\"required name=search_term_string\"}],\"inLanguage\":\"es\"}]}<\/script>\n<!-- \/ Yoast SEO plugin. -->","yoast_head_json":{"title":"About Atlas Sanitation Products B.V.","description":"About Atlas Sanitation Products B.V., total supplier to toilet rental companies worldwide","robots":{"index":"index","follow":"follow","max-snippet":"max-snippet:-1","max-image-preview":"max-image-preview:large","max-video-preview":"max-video-preview:-1"},"canonical":"https:\/\/plutourinal.com\/es\/historia-de-la-compania\/","og_locale":"es_ES","og_type":"article","og_title":"About Atlas Sanitation Products B.V.","og_description":"About Atlas Sanitation Products B.V., total supplier to toilet rental companies worldwide","og_url":"https:\/\/plutourinal.com\/es\/historia-de-la-compania\/","og_site_name":"Pluto Urinal","article_modified_time":"2015-12-07T13:48:20+00:00","og_image":[{"url":"https:\/\/plutourinal.com\/wp-content\/uploads\/2015\/08\/roparun.jpg"}],"twitter_card":"summary_large_image","twitter_misc":{"Tiempo de lectura":"3 minutos"},"schema":{"@context":"https:\/\/schema.org","@graph":[{"@type":"WebPage","@id":"https:\/\/plutourinal.com\/es\/historia-de-la-compania\/","url":"https:\/\/plutourinal.com\/es\/historia-de-la-compania\/","name":"About Atlas Sanitation Products B.V.","isPartOf":{"@id":"https:\/\/plutourinal.com\/es\/#website"},"datePublished":"2015-08-19T04:23:47+00:00","dateModified":"2015-12-07T13:48:20+00:00","description":"About Atlas Sanitation Products B.V., total supplier to toilet rental companies worldwide","breadcrumb":{"@id":"https:\/\/plutourinal.com\/es\/historia-de-la-compania\/#breadcrumb"},"inLanguage":"es","potentialAction":[{"@type":"ReadAction","target":["https:\/\/plutourinal.com\/es\/historia-de-la-compania\/"]}]},{"@type":"BreadcrumbList","@id":"https:\/\/plutourinal.com\/es\/historia-de-la-compania\/#breadcrumb","itemListElement":[{"@type":"ListItem","position":1,"name":"Home","item":"https:\/\/plutourinal.com\/es\/"},{"@type":"ListItem","position":2,"name":"Historia de la Compa\u00f1\u00eda"}]},{"@type":"WebSite","@id":"https:\/\/plutourinal.com\/es\/#website","url":"https:\/\/plutourinal.com\/es\/","name":"Pluto Urinal","description":"Add Capacity and Reduce Lines","potentialAction":[{"@type":"SearchAction","target":{"@type":"EntryPoint","urlTemplate":"https:\/\/plutourinal.com\/es\/?s={search_term_string}"},"query-input":"required name=search_term_string"}],"inLanguage":"es"}]}},"_links":{"self":[{"href":"https:\/\/plutourinal.com\/es\/wp-json\/wp\/v2\/pages\/2497"}],"collection":[{"href":"https:\/\/plutourinal.com\/es\/wp-json\/wp\/v2\/pages"}],"about":[{"href":"https:\/\/plutourinal.com\/es\/wp-json\/wp\/v2\/types\/page"}],"author":[{"embeddable":true,"href":"https:\/\/plutourinal.com\/es\/wp-json\/wp\/v2\/users\/1"}],"replies":[{"embeddable":true,"href":"https:\/\/plutourinal.com\/es\/wp-json\/wp\/v2\/comments?post=2497"}],"version-history":[{"count":8,"href":"https:\/\/plutourinal.com\/es\/wp-json\/wp\/v2\/pages\/2497\/revisions"}],"predecessor-version":[{"id":2569,"href":"https:\/\/plutourinal.com\/es\/wp-json\/wp\/v2\/pages\/2497\/revisions\/2569"}],"wp:attachment":[{"href":"https:\/\/plutourinal.com\/es\/wp-json\/wp\/v2\/media?parent=2497"}],"curies":[{"name":"wp","href":"https:\/\/api.w.org\/{rel}","templated":true}]}}