{"id":15847,"date":"2018-08-23T12:14:43","date_gmt":"2018-08-23T12:14:43","guid":{"rendered":"https:\/\/plutourinal.com\/?page_id=15847"},"modified":"2023-05-15T12:10:02","modified_gmt":"2023-05-15T12:10:02","slug":"atlas-sanitation-products-supplier-for-toilet-rental-companies","status":"publish","type":"page","link":"https:\/\/plutourinal.com\/es\/","title":{"rendered":"Pluto Urinarions | Aumenta la capacidad y reduce las l\u00edneas."},"content":{"rendered":"[vc_row][vc_column]<div class=\"martfury-empty-space \"><div class=\"mf_empty_space_lg\"  style=\"height: 30px\"><\/div><div class=\"mf_empty_space_md\"  style=\"height: 30px\"><\/div><div class=\"mf_empty_space_xs\"  style=\"height: 30px\"><\/div><\/div>[\/vc_column][\/vc_row][vc_row][vc_column width=&#8221;8\/12&#8243;][rev_slider_vc alias=&#8221;home_market_v2&#8243;]<div class=\"martfury-empty-space \"><div class=\"mf_empty_space_lg\"  style=\"height: 30px\"><\/div><div class=\"mf_empty_space_md\"  style=\"height: 30px\"><\/div><div class=\"mf_empty_space_xs\"  style=\"height: 30px\"><\/div><\/div>[\/vc_column][vc_column width=&#8221;4\/12&#8243;]<div class=\"mf-banner-medium has-border layout-2 \" style=\"background-color:#f8f8f8;\"><a class=\"link-all\" href=\"https:\/\/plutourinal.com\/es\/categoria-de-producto\/urinarios-portatiles\/\">&nbsp<\/a><div class=\"banner-content\"><div class=\"s-content\"><\/div><div class=\"link-box\"><a class=\"link\" href=\"https:\/\/plutourinal.com\/es\/categoria-de-producto\/urinarios-portatiles\/\">m\u00e1s detailles<\/a><\/div><\/div><div class=\"banner-image\"><img src=\"https:\/\/plutourinal.com\/wp-content\/themes\/martfury\/images\/transparent.png\" data-original=\"https:\/\/plutourinal.com\/wp-content\/uploads\/2022\/03\/urinals-in-stock.jpg\"  alt=\"urinals from stock\" class=\"lazy \" width=\"369\" height=\"331\"><\/div><\/div><div class=\"martfury-empty-space \"><div class=\"mf_empty_space_lg\"  style=\"height: 30px\"><\/div><div class=\"mf_empty_space_md\"  style=\"height: 30px\"><\/div><div class=\"mf_empty_space_xs\"  style=\"height: 30px\"><\/div><\/div>[\/vc_column][\/vc_row][vc_row][vc_column]<div class=\"martfury-empty-space \"><div class=\"mf_empty_space_lg\"  style=\"height: 20px\"><\/div><div class=\"mf_empty_space_md\"  style=\"height: 20px\"><\/div><div class=\"mf_empty_space_xs\"  style=\"height: 20px\"><\/div><\/div>[\/vc_column][\/vc_row][vc_row][vc_column]<div class=\"martfury-empty-space \"><div class=\"mf_empty_space_lg\"  style=\"height: 60px\"><\/div><div class=\"mf_empty_space_md\"  style=\"height: 60px\"><\/div><div class=\"mf_empty_space_xs\"  style=\"height: 60px\"><\/div><\/div>[vc_custom_heading text=&#8221;Nuestras categor\u00edas de productos&#8221; font_container=&#8221;tag:h3|font_size:24|text_align:left|line_height:1&#8243; use_theme_fonts=&#8221;yes&#8221; css=&#8221;.vc_custom_1537523502150{margin-top: 0px !important;margin-bottom: 35px !important;border-bottom-width: 1px !important;padding-bottom: 15px !important;border-bottom-color: #e1e1e1 !important;border-bottom-style: solid !important;border-radius: 1px !important;}&#8221; el_class=&#8221;regular&#8221;][vc_row_inner][vc_column_inner width=&#8221;1\/2&#8243; offset=&#8221;vc_col-lg-4 vc_col-md-4 vc_col-xs-12&#8243;]<div class=\"mf-image-box style-1  \" style=\"\"><a class=\"thumbnail\" href=\"https:\/\/plutourinal.com\/es\/categoria-de-producto\/urinarios-portatiles\/\"><img class=\" lazy\" src=\"https:\/\/plutourinal.com\/wp-content\/themes\/martfury\/images\/transparent.png\" width=\"170\" height=\"170\" alt=\"Green urinal\" data-original=\"https:\/\/plutourinal.com\/wp-content\/uploads\/2016\/05\/Pluto3-stackable-urinal-green-170x170.jpg\" \/><\/a><div class=\"image-content\"><h2 class=\"box-title\"><a class=\"\" href=\"https:\/\/plutourinal.com\/es\/categoria-de-producto\/urinarios-portatiles\/\">Urinarios Portatiles<\/a><\/h2><ul class=\"extra-links\"><li><a class=\"extra-link\" href=\"https:\/\/plutourinal.com\/es\/product\/urinario-apilable-de-eventos-pluto3\/\">Pluto3 Urinario Apilable<\/a><\/li> <li><a class=\"extra-link\" href=\"https:\/\/plutourinal.com\/es\/product\/bano-portatil-semi-permante-pluto4\/\">Pluto4 Urinario semi-permanente<\/a><\/li> <li><a class=\"extra-link\" href=\"https:\/\/plutourinal.com\/es\/product\/urinarios-portatiles-peeone\/\">PeeOne Urinario con Ruedas<\/a><\/li> <li><a class=\"extra-link\" href=\"https:\/\/plutourinal.com\/es\/categoria-de-producto\/urinarios-portatiles\/urinario-para-6-personas\/\">Pee6 Urinario Port\u00e1til<\/a><\/li><\/ul><\/div><\/div><div class=\"martfury-empty-space \"><div class=\"mf_empty_space_lg\"  style=\"height: 30px\"><\/div><div class=\"mf_empty_space_md\"  style=\"height: 30px\"><\/div><div class=\"mf_empty_space_xs\"  style=\"height: 30px\"><\/div><\/div>[\/vc_column_inner][vc_column_inner width=&#8221;1\/2&#8243; offset=&#8221;vc_col-lg-4 vc_col-md-4 vc_col-xs-12&#8243;]<div class=\"mf-image-box style-1  \" style=\"\"><a class=\"thumbnail\" href=\"https:\/\/plutourinal.com\/es\/categoria-de-producto\/estaciones-de-lavamanos-es\/\"><img class=\" lazy\" src=\"https:\/\/plutourinal.com\/wp-content\/themes\/martfury\/images\/transparent.png\" width=\"170\" height=\"170\" alt=\"Hand wash station\" data-original=\"https:\/\/plutourinal.com\/wp-content\/uploads\/2016\/03\/handwash-hera2-170x170.jpg\" \/><\/a><div class=\"image-content\"><h2 class=\"box-title\"><a class=\"\" href=\"https:\/\/plutourinal.com\/es\/categoria-de-producto\/estaciones-de-lavamanos-es\/\">Est. de Lavamanos<\/a><\/h2><ul class=\"extra-links\"><li><a class=\"extra-link\" href=\"https:\/\/plutourinal.com\/es\/product\/estacion-de-lavamanos-independiente\/\">Hera Est. independiente<\/a><\/li> <li><a class=\"extra-link\" href=\"https:\/\/plutourinal.com\/es\/product\/estacion-de-lavamanos-independiente-copy\/\">Hera2 Est. independiente<\/a><\/li> <li><a class=\"extra-link\" href=\"https:\/\/plutourinal.com\/es\/product\/estacion-de-lavamanos-interior-obbe\/\">Obbe Estacion interior<\/a><\/li> <li><a class=\"extra-link\" href=\"https:\/\/plutourinal.com\/es\/product\/estacion-de-lavamanos-interior-orion\/\">Orion Estacion interior<\/a><\/li><\/ul><\/div><\/div><div class=\"martfury-empty-space \"><div class=\"mf_empty_space_lg\"  style=\"height: 30px\"><\/div><div class=\"mf_empty_space_md\"  style=\"height: 30px\"><\/div><div class=\"mf_empty_space_xs\"  style=\"height: 30px\"><\/div><\/div>[\/vc_column_inner][vc_column_inner offset=&#8221;vc_col-lg-4 vc_col-md-4 vc_col-xs-12&#8243;]<div class=\"mf-image-box style-1  \" style=\"\"><a class=\"thumbnail\" href=\"https:\/\/plutourinal.com\/es\/categoria-de-producto\/repuestos\/\"><img class=\" lazy\" src=\"https:\/\/plutourinal.com\/wp-content\/themes\/martfury\/images\/transparent.png\" width=\"170\" height=\"170\" alt=\"Recirculation set with round bowl\" data-original=\"https:\/\/plutourinal.com\/wp-content\/uploads\/2015\/09\/recirculation-set-portable-toilets-round-seats-170x170.jpg\" \/><\/a><div class=\"image-content\"><h2 class=\"box-title\"><a class=\"\" href=\"https:\/\/plutourinal.com\/es\/categoria-de-producto\/repuestos\/\">Repuestos<\/a><\/h2><ul class=\"extra-links\"><li><a class=\"extra-link\" href=\"https:\/\/plutourinal.com\/es\/categoria-de-producto\/repuestos\/piezas-de-repuesto-para-urinarios-portatiles\/\">Repuestos de Urinarios<\/a><\/li> <li><a class=\"extra-link\" href=\"https:\/\/plutourinal.com\/es\/categoria-de-producto\/repuestos\/lavamanos\/\">Repuestos de Lavamanos<\/a><\/li><\/ul><\/div><\/div><div class=\"martfury-empty-space \"><div class=\"mf_empty_space_lg\"  style=\"height: 30px\"><\/div><div class=\"mf_empty_space_md\"  style=\"height: 30px\"><\/div><div class=\"mf_empty_space_xs\"  style=\"height: 30px\"><\/div><\/div>[\/vc_column_inner][\/vc_row_inner][\/vc_column][\/vc_row][vc_row][vc_column]<div class=\"martfury-empty-space \"><div class=\"mf_empty_space_lg\"  style=\"height: 20px\"><\/div><div class=\"mf_empty_space_md\"  style=\"height: 20px\"><\/div><div class=\"mf_empty_space_xs\"  style=\"height: 20px\"><\/div><\/div><div class=\"mf-banner-large has-border layout-1 \" style=\"background-color:#f8f8f8;\"><a class=\"link-all\" href=\"https:\/\/plutourinal.com\/gallery\/pluto-urinals\/\">&nbsp<\/a><div class=\"row banner-row\"><div class=\"col-md-offset-1 col-md-4 col-sm-6 col-xs-12 col-banner-content\"><div class=\"banner-content\"><h2 class=\"box-title\">Aumenta la capacidad y reduce las l\u00edneas.<\/h2> <p class=\"desc\">El urinario apilable favorito de Europa ya est\u00e1 disponible en Leland (NC)<\/p><\/div><\/div><div class=\"col-md-2 col-sm-6 col-xs-12 col-banner-price\"><div class=\"banner-price\"><a class=\"link\" href=\"https:\/\/plutourinal.com\/gallery\/pluto-urinals\/\">Vealo Ahora<\/a><\/div><\/div><div class=\"col-md-5 col-sm-12 col-xs-12 col-banner-image\"><div class=\"banner-image\"><img src=\"https:\/\/plutourinal.com\/wp-content\/themes\/martfury\/images\/transparent.png\" data-original=\"https:\/\/plutourinal.com\/wp-content\/uploads\/2019\/02\/urinals-festival.jpg\"  alt=\"urinarios\" class=\"lazy \" width=\"500\" height=\"200\"><\/div><\/div><\/div><\/div>[\/vc_column][\/vc_row]\n","protected":false},"excerpt":{"rendered":"<p>[vc_row][vc_column][\/vc_column][\/vc_row][vc_row][vc_column width=&#8221;8\/12&#8243;][rev_slider_vc alias=&#8221;home_market_v2&#8243;][\/vc_column][vc_column width=&#8221;4\/12&#8243;][\/vc_column][\/vc_row][vc_row][vc_column][\/vc_column][\/vc_row][vc_row][vc_column][vc_custom_heading text=&#8221;Nuestras categor\u00edas de productos&#8221; font_container=&#8221;tag:h3|font_size:24|text_align:left|line_height:1&#8243; use_theme_fonts=&#8221;yes&#8221; css=&#8221;.vc_custom_1537523502150{margin-top: 0px !important;margin-bottom: 35px !important;border-bottom-width: 1px !important;padding-bottom: 15px !important;border-bottom-color: #e1e1e1 !important;border-bottom-style: solid !important;border-radius: 1px !important;}&#8221; el_class=&#8221;regular&#8221;][vc_row_inner][vc_column_inner width=&#8221;1\/2&#8243; offset=&#8221;vc_col-lg-4 vc_col-md-4 vc_col-xs-12&#8243;][\/vc_column_inner][vc_column_inner width=&#8221;1\/2&#8243; offset=&#8221;vc_col-lg-4 vc_col-md-4 vc_col-xs-12&#8243;][\/vc_column_inner][vc_column_inner offset=&#8221;vc_col-lg-4 vc_col-md-4 vc_col-xs-12&#8243;][\/vc_column_inner][\/vc_row_inner][\/vc_column][\/vc_row][vc_row][vc_column][\/vc_column][\/vc_row]<\/p>\n","protected":false},"author":1,"featured_media":0,"parent":0,"menu_order":0,"comment_status":"closed","ping_status":"closed","template":"template-homepage.php","meta":{"_monsterinsights_skip_tracking":false,"_monsterinsights_sitenote_active":false,"_monsterinsights_sitenote_note":"","_monsterinsights_sitenote_category":0},"yoast_head":"<!-- This site is optimized with the Yoast SEO plugin v20.8 - https:\/\/yoast.com\/wordpress\/plugins\/seo\/ -->\n<title>Pluto Urinarios. Aumenta la capacidad y reduce las l\u00edneas en fetivales<\/title>\n<meta name=\"description\" content=\"Aumenta la capacidad y reduce las l\u00edneas en festivales. El urinario apilable favorito de Europa ya est\u00e1 disponible en Leland\" \/>\n<meta name=\"robots\" content=\"index, follow, max-snippet:-1, max-image-preview:large, max-video-preview:-1\" \/>\n<link rel=\"canonical\" href=\"https:\/\/plutourinal.com\/es\/\" \/>\n<meta property=\"og:locale\" content=\"es_ES\" \/>\n<meta property=\"og:type\" content=\"article\" \/>\n<meta property=\"og:title\" content=\"Pluto Urinarios. Aumenta la capacidad y reduce las l\u00edneas en fetivales\" \/>\n<meta property=\"og:description\" content=\"Aumenta la capacidad y reduce las l\u00edneas en festivales. El urinario apilable favorito de Europa ya est\u00e1 disponible en Leland\" \/>\n<meta property=\"og:url\" content=\"https:\/\/plutourinal.com\/es\/\" \/>\n<meta property=\"og:site_name\" content=\"Pluto Urinal\" \/>\n<meta property=\"article:modified_time\" content=\"2023-05-15T12:10:02+00:00\" \/>\n<meta name=\"twitter:card\" content=\"summary_large_image\" \/>\n<meta name=\"twitter:label1\" content=\"Tiempo de lectura\" \/>\n\t<meta name=\"twitter:data1\" content=\"3 minutos\" \/>\n<script type=\"application\/ld+json\" class=\"yoast-schema-graph\">{\"@context\":\"https:\/\/schema.org\",\"@graph\":[{\"@type\":\"WebPage\",\"@id\":\"https:\/\/plutourinal.com\/es\/\",\"url\":\"https:\/\/plutourinal.com\/es\/\",\"name\":\"Pluto Urinarios. Aumenta la capacidad y reduce las l\u00edneas en fetivales\",\"isPartOf\":{\"@id\":\"https:\/\/plutourinal.com\/es\/#website\"},\"datePublished\":\"2018-08-23T12:14:43+00:00\",\"dateModified\":\"2023-05-15T12:10:02+00:00\",\"description\":\"Aumenta la capacidad y reduce las l\u00edneas en festivales. El urinario apilable favorito de Europa ya est\u00e1 disponible en Leland\",\"breadcrumb\":{\"@id\":\"https:\/\/plutourinal.com\/es\/#breadcrumb\"},\"inLanguage\":\"es\",\"potentialAction\":[{\"@type\":\"ReadAction\",\"target\":[\"https:\/\/plutourinal.com\/es\/\"]}]},{\"@type\":\"BreadcrumbList\",\"@id\":\"https:\/\/plutourinal.com\/es\/#breadcrumb\",\"itemListElement\":[{\"@type\":\"ListItem\",\"position\":1,\"name\":\"Home\",\"item\":\"https:\/\/plutourinal.com\/es\/\"},{\"@type\":\"ListItem\",\"position\":2,\"name\":\"Pluto Urinarions | Aumenta la capacidad y reduce las l\u00edneas.\"}]},{\"@type\":\"WebSite\",\"@id\":\"https:\/\/plutourinal.com\/es\/#website\",\"url\":\"https:\/\/plutourinal.com\/es\/\",\"name\":\"Pluto Urinal\",\"description\":\"Add Capacity and Reduce Lines\",\"potentialAction\":[{\"@type\":\"SearchAction\",\"target\":{\"@type\":\"EntryPoint\",\"urlTemplate\":\"https:\/\/plutourinal.com\/es\/?s={search_term_string}\"},\"query-input\":\"required name=search_term_string\"}],\"inLanguage\":\"es\"}]}<\/script>\n<!-- \/ Yoast SEO plugin. -->","yoast_head_json":{"title":"Pluto Urinarios. Aumenta la capacidad y reduce las l\u00edneas en fetivales","description":"Aumenta la capacidad y reduce las l\u00edneas en festivales. El urinario apilable favorito de Europa ya est\u00e1 disponible en Leland","robots":{"index":"index","follow":"follow","max-snippet":"max-snippet:-1","max-image-preview":"max-image-preview:large","max-video-preview":"max-video-preview:-1"},"canonical":"https:\/\/plutourinal.com\/es\/","og_locale":"es_ES","og_type":"article","og_title":"Pluto Urinarios. Aumenta la capacidad y reduce las l\u00edneas en fetivales","og_description":"Aumenta la capacidad y reduce las l\u00edneas en festivales. El urinario apilable favorito de Europa ya est\u00e1 disponible en Leland","og_url":"https:\/\/plutourinal.com\/es\/","og_site_name":"Pluto Urinal","article_modified_time":"2023-05-15T12:10:02+00:00","twitter_card":"summary_large_image","twitter_misc":{"Tiempo de lectura":"3 minutos"},"schema":{"@context":"https:\/\/schema.org","@graph":[{"@type":"WebPage","@id":"https:\/\/plutourinal.com\/es\/","url":"https:\/\/plutourinal.com\/es\/","name":"Pluto Urinarios. Aumenta la capacidad y reduce las l\u00edneas en fetivales","isPartOf":{"@id":"https:\/\/plutourinal.com\/es\/#website"},"datePublished":"2018-08-23T12:14:43+00:00","dateModified":"2023-05-15T12:10:02+00:00","description":"Aumenta la capacidad y reduce las l\u00edneas en festivales. El urinario apilable favorito de Europa ya est\u00e1 disponible en Leland","breadcrumb":{"@id":"https:\/\/plutourinal.com\/es\/#breadcrumb"},"inLanguage":"es","potentialAction":[{"@type":"ReadAction","target":["https:\/\/plutourinal.com\/es\/"]}]},{"@type":"BreadcrumbList","@id":"https:\/\/plutourinal.com\/es\/#breadcrumb","itemListElement":[{"@type":"ListItem","position":1,"name":"Home","item":"https:\/\/plutourinal.com\/es\/"},{"@type":"ListItem","position":2,"name":"Pluto Urinarions | Aumenta la capacidad y reduce las l\u00edneas."}]},{"@type":"WebSite","@id":"https:\/\/plutourinal.com\/es\/#website","url":"https:\/\/plutourinal.com\/es\/","name":"Pluto Urinal","description":"Add Capacity and Reduce Lines","potentialAction":[{"@type":"SearchAction","target":{"@type":"EntryPoint","urlTemplate":"https:\/\/plutourinal.com\/es\/?s={search_term_string}"},"query-input":"required name=search_term_string"}],"inLanguage":"es"}]}},"_links":{"self":[{"href":"https:\/\/plutourinal.com\/es\/wp-json\/wp\/v2\/pages\/15847"}],"collection":[{"href":"https:\/\/plutourinal.com\/es\/wp-json\/wp\/v2\/pages"}],"about":[{"href":"https:\/\/plutourinal.com\/es\/wp-json\/wp\/v2\/types\/page"}],"author":[{"embeddable":true,"href":"https:\/\/plutourinal.com\/es\/wp-json\/wp\/v2\/users\/1"}],"replies":[{"embeddable":true,"href":"https:\/\/plutourinal.com\/es\/wp-json\/wp\/v2\/comments?post=15847"}],"version-history":[{"count":36,"href":"https:\/\/plutourinal.com\/es\/wp-json\/wp\/v2\/pages\/15847\/revisions"}],"predecessor-version":[{"id":16406,"href":"https:\/\/plutourinal.com\/es\/wp-json\/wp\/v2\/pages\/15847\/revisions\/16406"}],"wp:attachment":[{"href":"https:\/\/plutourinal.com\/es\/wp-json\/wp\/v2\/media?parent=15847"}],"curies":[{"name":"wp","href":"https:\/\/api.w.org\/{rel}","templated":true}]}}